{"id":875,"date":"2025-03-03T04:11:27","date_gmt":"2025-03-03T04:11:27","guid":{"rendered":"https:\/\/zcfibertech.com\/?page_id=875"},"modified":"2025-03-04T06:21:45","modified_gmt":"2025-03-04T06:21:45","slug":"composite-materials","status":"publish","type":"page","link":"https:\/\/zcfibertech.com\/fr\/products\/composite-materials\/","title":{"rendered":"Mat\u00e9riaux composites"},"content":{"rendered":"<section class=\"bde-section-875-100 bde-section\">\n              \n  \n\t    \n      <div class=\"section-background-video\">\n              <video\n          autoplay\n muted\n loop\n>\n        <source src=\"https:\/\/zcfibertech.com\/wp-content\/uploads\/2025\/02\/12716-241674181_small.mp4\" type=\"video\/mp4\" \/>\n      <\/video>\n      <\/div>\n\n\n  <div class=\"section-background-overlay\"><\/div>\n\n\n<div class=\"section-container\"><h1 class=\"bde-heading-875-101 bde-heading\">\nMat\u00e9riaux composites\n<\/h1><div class=\"bde-text-875-102 bde-text\">\n\n<\/div><div class=\"bde-fancy-divider-875-103 bde-fancy-divider\" data-entrance=\"slideLeft\">\n\n\n<div class=\"bde-fancy-divider__wrapper\">\n  <div class=\"bde-fancy-divider__separator\">\n  \t  <\/div>\n<\/div>\n\n<\/div><div class=\"bde-text-875-105 bde-text\">\nLes mat\u00e9riaux composites sont des syst\u00e8mes constitu\u00e9s de deux ou plusieurs mat\u00e9riaux diff\u00e9rents, combinant leurs excellentes propri\u00e9t\u00e9s pour optimiser les performances globales. Les mat\u00e9riaux composites les plus courants sont les composites en fibre de carbone, les composites en fibre de verre et les composites en fibre d'aramide, qui sont largement utilis\u00e9s dans l'a\u00e9rospatiale, l'automobile, la construction, les \u00e9quipements sportifs et bien d'autres domaines. Les mat\u00e9riaux composites offrent g\u00e9n\u00e9ralement une grande solidit\u00e9, des propri\u00e9t\u00e9s de l\u00e9g\u00e8ret\u00e9, une r\u00e9sistance \u00e0 la corrosion et une r\u00e9sistance aux temp\u00e9ratures \u00e9lev\u00e9es, ce qui permet d'obtenir des performances fiables dans des environnements complexes et difficiles. Leur excellente souplesse de conception et leur adaptabilit\u00e9 en font des mat\u00e9riaux indispensables dans les industries modernes.\n<\/div><\/div>\n<\/section><section class=\"bde-section-875-131 bde-section\">\n  \n\t\n\n\n\n<div class=\"section-container\"><h1 class=\"bde-heading-875-130 bde-heading\">\nQue proposons-nous ?\n<\/h1><div class=\"bde-text-875-128 bde-text\">\nLes mat\u00e9riaux composites sont des syst\u00e8mes constitu\u00e9s de deux ou plusieurs mat\u00e9riaux diff\u00e9rents, combinant leurs excellentes propri\u00e9t\u00e9s pour optimiser les performances globales. <br><br>Les mat\u00e9riaux composites courants comprennent les composites \u00e0 base de fibres de carbone, les composites \u00e0 base de fibres de verre et les composites \u00e0 base de fibres d'aramide, qui sont largement utilis\u00e9s dans l'a\u00e9rospatiale, l'automobile, la construction, les \u00e9quipements sportifs et bien d'autres domaines. <br><br>Les mat\u00e9riaux composites offrent g\u00e9n\u00e9ralement une grande solidit\u00e9, des propri\u00e9t\u00e9s de l\u00e9g\u00e8ret\u00e9, une r\u00e9sistance \u00e0 la corrosion et une r\u00e9sistance aux temp\u00e9ratures \u00e9lev\u00e9es, ce qui permet d'obtenir des performances fiables dans des environnements complexes et difficiles. <br><br>Leur excellente souplesse de conception et leur adaptabilit\u00e9 en font des mat\u00e9riaux indispensables dans les industries modernes.\n<\/div><div class=\"bde-tabs-875-129 bde-tabs\">\n\n  \n        \n  \n  \n  <div class=\"bde-tabs__tabslist-container bde-tabs__tabslist-container--scrollable is-horizontal js-tabs-container\">\n    <div class=\"bde-tabs__tabslist bde-tabs__tabslist--pills js-tablist\" role=\"tablist\" aria-label=\"Onglets de contenu\" aria-orientation=\"horizontal\" data-tabs-id=\"bde-tabs-875-129\">\n      \n              <button role=\"tab\" aria-selected=\"false\" class=\"bde-tabs__tab js-tab\" aria-controls=\"tab-panel-bde-tabs-875-129-1\" id=\"tab-bde-tabs-875-129-1\" data-value=\"1\">\n                      <span class=\"bde-tabs__tab-icon\"><svg xmlns=\"http:\/\/www.w3.org\/2000\/svg\" viewbox=\"0 0 256 512\"><!--! Font Awesome Free 6.5.1 by @fontawesome - https:\/\/fontawesome.com License - https:\/\/fontawesome.com\/license\/free (Icons: CC BY 4.0, Fonts: SIL OFL 1.1, Code: MIT License) Copyright 2023 Fonticons, Inc. --><path d=\"M160 64c0-11.8-6.5-22.6-16.9-28.2s-23-5-32.8 1.6l-96 64C-.5 111.2-4.4 131 5.4 145.8s29.7 18.7 44.4 8.9L96 123.8V416H32c-17.7 0-32 14.3-32 32s14.3 32 32 32h96 96c17.7 0 32-14.3 32-32s-14.3-32-32-32H160V64z\"\/><\/svg><\/span>\n                    <span class=\"bde-tabs__tab-title\">Feuilles<\/span>\n        <\/button>\n              <button role=\"tab\" aria-selected=\"false\" class=\"bde-tabs__tab js-tab\" aria-controls=\"tab-panel-bde-tabs-875-129-2\" id=\"tab-bde-tabs-875-129-2\" data-value=\"2\">\n                      <span class=\"bde-tabs__tab-icon\"><svg xmlns=\"http:\/\/www.w3.org\/2000\/svg\" viewbox=\"0 0 320 512\"><!--! Font Awesome Free 6.5.1 by @fontawesome - https:\/\/fontawesome.com License - https:\/\/fontawesome.com\/license\/free (Icons: CC BY 4.0, Fonts: SIL OFL 1.1, Code: MIT License) Copyright 2023 Fonticons, Inc. --><path d=\"M142.9 96c-21.5 0-42.2 8.5-57.4 23.8L54.6 150.6c-12.5 12.5-32.8 12.5-45.3 0s-12.5-32.8 0-45.3L40.2 74.5C67.5 47.3 104.4 32 142.9 32C223 32 288 97 288 177.1c0 38.5-15.3 75.4-42.5 102.6L109.3 416H288c17.7 0 32 14.3 32 32s-14.3 32-32 32H32c-12.9 0-24.6-7.8-29.6-19.8s-2.2-25.7 6.9-34.9L200.2 234.5c15.2-15.2 23.8-35.9 23.8-57.4c0-44.8-36.3-81.1-81.1-81.1z\"\/><\/svg><\/span>\n                    <span class=\"bde-tabs__tab-title\">Pultrusiuon et enroulement filamentaire<\/span>\n        <\/button>\n              <button role=\"tab\" aria-selected=\"false\" class=\"bde-tabs__tab js-tab\" aria-controls=\"tab-panel-bde-tabs-875-129-3\" id=\"tab-bde-tabs-875-129-3\" data-value=\"3\">\n                      <span class=\"bde-tabs__tab-icon\"><svg xmlns=\"http:\/\/www.w3.org\/2000\/svg\" viewbox=\"0 0 320 512\"><!--! Font Awesome Free 6.5.1 by @fontawesome - https:\/\/fontawesome.com License - https:\/\/fontawesome.com\/license\/free (Icons: CC BY 4.0, Fonts: SIL OFL 1.1, Code: MIT License) Copyright 2023 Fonticons, Inc. --><path d=\"M0 64C0 46.3 14.3 32 32 32H272c13.2 0 25 8.1 29.8 20.4s1.5 26.3-8.2 35.2L162.3 208H184c75.1 0 136 60.9 136 136s-60.9 136-136 136H105.4C63 480 24.2 456 5.3 418.1l-1.9-3.8c-7.9-15.8-1.5-35 14.3-42.9s35-1.5 42.9 14.3l1.9 3.8c8.1 16.3 24.8 26.5 42.9 26.5H184c39.8 0 72-32.2 72-72s-32.2-72-72-72H80c-13.2 0-25-8.1-29.8-20.4s-1.5-26.3 8.2-35.2L189.7 96H32C14.3 96 0 81.7 0 64z\"\/><\/svg><\/span>\n                    <span class=\"bde-tabs__tab-title\">Tube<\/span>\n        <\/button>\n          <\/div>\n  <\/div>\n\n  <div class=\"bde-tabs-content-container\">\n        <div tabindex=\"0\" role=\"tabpanel\" class=\"bde-tabs__panel js-panel\" id=\"tab-panel-bde-tabs-875-129-1\" hidden=\"\" aria-labelledby=\"tab-bde-tabs-875-129-1\">\n      <div class=\"bde-tabs__panel-content breakdance-rich-text-styles\"><h3 style=\"text-align: left;\">\u00a0 \u00a0Feuilles<\/h3>\n<ol>\n<li style=\"text-align: left;\">Plaque en fibre de carbone<\/li>\n<li style=\"text-align: left;\">Panneau de fibres de verre<\/li>\n<li style=\"text-align: left;\">Panneaux sandwich en mousse<\/li>\n<li style=\"text-align: left;\">Panneau alv\u00e9olaire en aluminium<\/li>\n<li style=\"text-align: left;\">Panneau CNC<br \/><br \/><img loading=\"lazy\" decoding=\"async\" class=\"alignnone  wp-image-890\" src=\"https:\/\/zcfibertech.com\/wp-content\/uploads\/2025\/02\/img_32_7-225x300.png\" alt=\"\" width=\"102\" height=\"136\" srcset=\"https:\/\/zcfibertech.com\/wp-content\/uploads\/2025\/02\/img_32_7-225x300.png 225w, https:\/\/zcfibertech.com\/wp-content\/uploads\/2025\/02\/img_32_7.png 529w\" sizes=\"auto, (max-width: 102px) 100vw, 102px\" \/><img loading=\"lazy\" decoding=\"async\" class=\"alignnone  wp-image-887\" src=\"https:\/\/zcfibertech.com\/wp-content\/uploads\/2025\/02\/img_32_2.png\" alt=\"\" width=\"205\" height=\"136\" \/><img loading=\"lazy\" decoding=\"async\" class=\"alignnone  wp-image-892\" src=\"https:\/\/zcfibertech.com\/wp-content\/uploads\/2025\/02\/img_32_11.png\" alt=\"\" width=\"165\" height=\"136\" \/><br \/><img loading=\"lazy\" decoding=\"async\" class=\"alignnone  wp-image-888\" src=\"https:\/\/zcfibertech.com\/wp-content\/uploads\/2025\/02\/img_32_5.png\" alt=\"\" width=\"162\" height=\"102\" \/><img loading=\"lazy\" decoding=\"async\" class=\"alignnone  wp-image-886\" src=\"https:\/\/zcfibertech.com\/wp-content\/uploads\/2025\/02\/img_32_1-300x172.png\" alt=\"\" width=\"177\" height=\"102\" srcset=\"https:\/\/zcfibertech.com\/wp-content\/uploads\/2025\/02\/img_32_1-300x172.png 300w, https:\/\/zcfibertech.com\/wp-content\/uploads\/2025\/02\/img_32_1.png 322w\" sizes=\"auto, (max-width: 177px) 100vw, 177px\" \/><img loading=\"lazy\" decoding=\"async\" class=\"alignnone  wp-image-891\" src=\"https:\/\/zcfibertech.com\/wp-content\/uploads\/2025\/02\/img_32_9-300x225.png\" alt=\"\" width=\"135\" height=\"102\" srcset=\"https:\/\/zcfibertech.com\/wp-content\/uploads\/2025\/02\/img_32_9-300x225.png 300w, https:\/\/zcfibertech.com\/wp-content\/uploads\/2025\/02\/img_32_9.png 488w\" sizes=\"auto, (max-width: 135px) 100vw, 135px\" \/><\/li>\n<\/ol><\/div>\n    <\/div>\n        <div tabindex=\"0\" role=\"tabpanel\" class=\"bde-tabs__panel js-panel\" id=\"tab-panel-bde-tabs-875-129-2\" hidden=\"\" aria-labelledby=\"tab-bde-tabs-875-129-2\">\n      <div class=\"bde-tabs__panel-content breakdance-rich-text-styles\"><h3 style=\"text-align: left;\">\u00a0 Pultrusiuon et enroulement filamentaire<\/h3>\n<h3 style=\"text-align: left;\"><br \/>\u00a0 <img loading=\"lazy\" decoding=\"async\" class=\"alignnone  wp-image-894\" src=\"https:\/\/zcfibertech.com\/wp-content\/uploads\/2025\/02\/img_33_5-300x240.png\" alt=\"\" width=\"233\" height=\"187\" srcset=\"https:\/\/zcfibertech.com\/wp-content\/uploads\/2025\/02\/img_33_5-300x240.png 300w, https:\/\/zcfibertech.com\/wp-content\/uploads\/2025\/02\/img_33_5.png 703w\" sizes=\"auto, (max-width: 233px) 100vw, 233px\" \/> <img loading=\"lazy\" decoding=\"async\" class=\"alignnone  wp-image-895\" src=\"https:\/\/zcfibertech.com\/wp-content\/uploads\/2025\/02\/img_33_6-300x193.png\" alt=\"\" width=\"290\" height=\"187\" srcset=\"https:\/\/zcfibertech.com\/wp-content\/uploads\/2025\/02\/img_33_6-300x193.png 300w, https:\/\/zcfibertech.com\/wp-content\/uploads\/2025\/02\/img_33_6.png 687w\" sizes=\"auto, (max-width: 290px) 100vw, 290px\" \/> <img loading=\"lazy\" decoding=\"async\" class=\"alignnone  wp-image-896\" src=\"https:\/\/zcfibertech.com\/wp-content\/uploads\/2025\/02\/img_33_7-146x300.png\" alt=\"\" width=\"91\" height=\"187\" srcset=\"https:\/\/zcfibertech.com\/wp-content\/uploads\/2025\/02\/img_33_7-146x300.png 146w, https:\/\/zcfibertech.com\/wp-content\/uploads\/2025\/02\/img_33_7.png 335w\" sizes=\"auto, (max-width: 91px) 100vw, 91px\" \/><br \/>\u00a0<\/h3><\/div>\n    <\/div>\n        <div tabindex=\"0\" role=\"tabpanel\" class=\"bde-tabs__panel js-panel\" id=\"tab-panel-bde-tabs-875-129-3\" hidden=\"\" aria-labelledby=\"tab-bde-tabs-875-129-3\">\n      <div class=\"bde-tabs__panel-content breakdance-rich-text-styles\"><h3 style=\"text-align: left;\">\u00a0 \u00a0Tube<\/h3>\n<ol>\n<li style=\"text-align: left;\">Tube rond<\/li>\n<li style=\"text-align: left;\">Tube carr\u00e9<\/li>\n<li style=\"text-align: left;\">Tube cintr\u00e9<\/li>\n<li style=\"text-align: left;\">Tube ovale<\/li>\n<li style=\"text-align: left;\">Tube conique<\/li>\n<li>Tube octogonal<\/li>\n<li>Tube de pultrusion\n<h3><img loading=\"lazy\" decoding=\"async\" class=\"alignnone  wp-image-903\" style=\"font-size: 16px;\" src=\"https:\/\/zcfibertech.com\/wp-content\/uploads\/2025\/02\/img_34_15-280x300.png\" alt=\"\" width=\"173\" height=\"185\" srcset=\"https:\/\/zcfibertech.com\/wp-content\/uploads\/2025\/02\/img_34_15-280x300.png 280w, https:\/\/zcfibertech.com\/wp-content\/uploads\/2025\/02\/img_34_15.png 361w\" sizes=\"auto, (max-width: 173px) 100vw, 173px\" \/><img loading=\"lazy\" decoding=\"async\" class=\"alignnone  wp-image-899\" style=\"font-size: 16px;\" src=\"https:\/\/zcfibertech.com\/wp-content\/uploads\/2025\/02\/img_34_6-300x198.png\" alt=\"\" width=\"280\" height=\"185\" srcset=\"https:\/\/zcfibertech.com\/wp-content\/uploads\/2025\/02\/img_34_6-300x198.png 300w, https:\/\/zcfibertech.com\/wp-content\/uploads\/2025\/02\/img_34_6.png 335w\" sizes=\"auto, (max-width: 280px) 100vw, 280px\" \/><img loading=\"lazy\" decoding=\"async\" class=\"alignnone  wp-image-897\" style=\"font-size: 16px;\" src=\"https:\/\/zcfibertech.com\/wp-content\/uploads\/2025\/02\/img_34_1-300x225.png\" alt=\"\" width=\"247\" height=\"185\" srcset=\"https:\/\/zcfibertech.com\/wp-content\/uploads\/2025\/02\/img_34_1-300x225.png 300w, https:\/\/zcfibertech.com\/wp-content\/uploads\/2025\/02\/img_34_1.png 542w\" sizes=\"auto, (max-width: 247px) 100vw, 247px\" \/><img loading=\"lazy\" decoding=\"async\" class=\"alignnone  wp-image-902\" style=\"font-size: 16px;\" src=\"https:\/\/zcfibertech.com\/wp-content\/uploads\/2025\/02\/img_34_14-300x223.png\" alt=\"\" width=\"240\" height=\"178\" srcset=\"https:\/\/zcfibertech.com\/wp-content\/uploads\/2025\/02\/img_34_14-300x223.png 300w, https:\/\/zcfibertech.com\/wp-content\/uploads\/2025\/02\/img_34_14.png 466w\" sizes=\"auto, (max-width: 240px) 100vw, 240px\" \/><img loading=\"lazy\" decoding=\"async\" class=\"alignnone  wp-image-901\" style=\"font-size: 16px;\" src=\"https:\/\/zcfibertech.com\/wp-content\/uploads\/2025\/02\/img_34_8-300x204.png\" alt=\"\" width=\"261\" height=\"177\" srcset=\"https:\/\/zcfibertech.com\/wp-content\/uploads\/2025\/02\/img_34_8-300x204.png 300w, https:\/\/zcfibertech.com\/wp-content\/uploads\/2025\/02\/img_34_8.png 317w\" sizes=\"auto, (max-width: 261px) 100vw, 261px\" \/><img loading=\"lazy\" decoding=\"async\" class=\"alignnone  wp-image-898\" src=\"https:\/\/zcfibertech.com\/wp-content\/uploads\/2025\/02\/img_34_4.png\" alt=\"\" width=\"190\" height=\"179\" \/><img loading=\"lazy\" decoding=\"async\" class=\"alignnone  wp-image-909\" src=\"https:\/\/zcfibertech.com\/wp-content\/uploads\/2025\/02\/img_35_15-300x244.png\" alt=\"\" width=\"227\" height=\"185\" srcset=\"https:\/\/zcfibertech.com\/wp-content\/uploads\/2025\/02\/img_35_15-300x244.png 300w, https:\/\/zcfibertech.com\/wp-content\/uploads\/2025\/02\/img_35_15.png 345w\" sizes=\"auto, (max-width: 227px) 100vw, 227px\" \/><img loading=\"lazy\" decoding=\"async\" class=\"alignnone  wp-image-904\" src=\"https:\/\/zcfibertech.com\/wp-content\/uploads\/2025\/02\/img_35_2-300x211.png\" alt=\"\" width=\"263\" height=\"185\" srcset=\"https:\/\/zcfibertech.com\/wp-content\/uploads\/2025\/02\/img_35_2-300x211.png 300w, https:\/\/zcfibertech.com\/wp-content\/uploads\/2025\/02\/img_35_2.png 320w\" sizes=\"auto, (max-width: 263px) 100vw, 263px\" \/><img loading=\"lazy\" decoding=\"async\" class=\"alignnone  wp-image-900\" src=\"https:\/\/zcfibertech.com\/wp-content\/uploads\/2025\/02\/img_34_7.png\" alt=\"\" width=\"201\" height=\"185\" \/><img loading=\"lazy\" decoding=\"async\" class=\"alignnone  wp-image-905\" src=\"https:\/\/zcfibertech.com\/wp-content\/uploads\/2025\/02\/img_35_6-300x199.png\" alt=\"\" width=\"272\" height=\"180\" srcset=\"https:\/\/zcfibertech.com\/wp-content\/uploads\/2025\/02\/img_35_6-300x199.png 300w, https:\/\/zcfibertech.com\/wp-content\/uploads\/2025\/02\/img_35_6.png 355w\" sizes=\"auto, (max-width: 272px) 100vw, 272px\" \/><img loading=\"lazy\" decoding=\"async\" class=\"alignnone  wp-image-908\" src=\"https:\/\/zcfibertech.com\/wp-content\/uploads\/2025\/02\/img_35_10.png\" alt=\"\" width=\"214\" height=\"179\" \/><img loading=\"lazy\" decoding=\"async\" class=\"alignnone  wp-image-907\" src=\"https:\/\/zcfibertech.com\/wp-content\/uploads\/2025\/02\/img_35_9-300x259.png\" alt=\"\" width=\"209\" height=\"180\" srcset=\"https:\/\/zcfibertech.com\/wp-content\/uploads\/2025\/02\/img_35_9-300x259.png 300w, https:\/\/zcfibertech.com\/wp-content\/uploads\/2025\/02\/img_35_9.png 352w\" sizes=\"auto, (max-width: 209px) 100vw, 209px\" \/><\/h3>\n<\/li>\n<\/ol><\/div>\n    <\/div>\n      <\/div>\n\n<\/div><\/div>\n<\/section><section class=\"bde-section-875-106 bde-section\">\n              \n  \n\t\n\n  <div class=\"section-background-overlay\"><\/div>\n\n\n<div class=\"section-container\"><h1 class=\"bde-heading-875-107 bde-heading\" data-entrance=\"slideUp\">\nInnover pour l'avenir<br>Fa\u00e7onner l'excellence\n<\/h1><div class=\"bde-fancy-divider-875-108 bde-fancy-divider\" data-entrance=\"flipRight\">\n\n\n<div class=\"bde-fancy-divider__wrapper\">\n  <div class=\"bde-fancy-divider__separator\">\n  \t  <\/div>\n<\/div>\n\n<\/div><div class=\"bde-columns-875-109 bde-columns\"><div class=\"bde-column-875-110 bde-column\">\n  \n\t\n\n\n\n<h3 class=\"bde-heading-875-111 bde-heading\">\nObtenir des solutions\n<\/h3><div class=\"bde-text-875-112 bde-text\">\nNos mat\u00e9riaux composites comprennent principalement des plaques, des produits pultrud\u00e9s et enroul\u00e9s et des tuyaux. <br><br>Ces produits offrent une excellente solidit\u00e9, des propri\u00e9t\u00e9s de l\u00e9g\u00e8ret\u00e9 et une r\u00e9sistance \u00e0 la corrosion, ce qui les rend largement applicables dans diverses industries telles que l'a\u00e9rospatiale, la fabrication automobile, la construction et d'autres secteurs \u00e0 forte demande.<br><br> Qu'il s'agisse de la conception de pr\u00e9cision requise pour les plaques ou du renforcement structurel fourni par les produits pultrud\u00e9s et enroul\u00e9s, nous offrons des solutions personnalis\u00e9es pour r\u00e9pondre \u00e0 vos divers besoins.\n<\/div><div class=\"bde-button-875-113 bde-button\">\n    \n                                    \n    \n    \n    \n    \n            \n                    \n            \n                           \n                       \n                 \n\n    \n    \n                    \n    \n    <a class=\"breakdance-link button-atom button-atom--custom bde-button__button\" href=\"#\" target=\"_self\" data-type=\"action\"  data-action='{\"type\":\"popup\",\"popupOptions\":{\"popupId\":\"400\",\"popupAction\":\"open\"}}' >\n\n    \n        <span class=\"button-atom__text\">Obtenir un devis<\/span>\n\n        \n        \n                <\/a>\n\n    \n\n\n<\/div>\n<\/div><div class=\"bde-column-875-114 bde-column\">\n              \n  \n\t\n\n  <div class=\"section-background-overlay\"><\/div>\n\n\n\n<\/div><\/div><\/div>\n<\/section>","protected":false},"excerpt":{"rendered":"<p>Composite Materials Composite materials are systems made from two or more different materials, combining their excellent properties to optimize overall performance. Common composite materials include carbon fiber composites, fiberglass composites, and aramid fiber composites, which are widely used in aerospace, automotive, construction, sports equipment, and many other fields. Composite materials typically offer high strength, lightweight [&hellip;]<\/p>","protected":false},"author":1,"featured_media":0,"parent":811,"menu_order":0,"comment_status":"closed","ping_status":"closed","template":"","meta":{"_breakdance_hide_in_design_set":false,"_breakdance_tags":"","footnotes":""},"class_list":["post-875","page","type-page","status-publish","hentry"],"_links":{"self":[{"href":"https:\/\/zcfibertech.com\/fr\/wp-json\/wp\/v2\/pages\/875","targetHints":{"allow":["GET"]}}],"collection":[{"href":"https:\/\/zcfibertech.com\/fr\/wp-json\/wp\/v2\/pages"}],"about":[{"href":"https:\/\/zcfibertech.com\/fr\/wp-json\/wp\/v2\/types\/page"}],"author":[{"embeddable":true,"href":"https:\/\/zcfibertech.com\/fr\/wp-json\/wp\/v2\/users\/1"}],"replies":[{"embeddable":true,"href":"https:\/\/zcfibertech.com\/fr\/wp-json\/wp\/v2\/comments?post=875"}],"version-history":[{"count":14,"href":"https:\/\/zcfibertech.com\/fr\/wp-json\/wp\/v2\/pages\/875\/revisions"}],"predecessor-version":[{"id":1021,"href":"https:\/\/zcfibertech.com\/fr\/wp-json\/wp\/v2\/pages\/875\/revisions\/1021"}],"up":[{"embeddable":true,"href":"https:\/\/zcfibertech.com\/fr\/wp-json\/wp\/v2\/pages\/811"}],"wp:attachment":[{"href":"https:\/\/zcfibertech.com\/fr\/wp-json\/wp\/v2\/media?parent=875"}],"curies":[{"name":"wp","href":"https:\/\/api.w.org\/{rel}","templated":true}]}}