{"id":873,"date":"2025-03-03T07:10:15","date_gmt":"2025-03-03T07:10:15","guid":{"rendered":"https:\/\/zcfibertech.com\/?page_id=873"},"modified":"2025-03-13T06:47:27","modified_gmt":"2025-03-13T06:47:27","slug":"carbon-fiber-recycling","status":"publish","type":"page","link":"https:\/\/zcfibertech.com\/fr\/products\/carbon-fiber-recycling\/","title":{"rendered":"Recyclage de la fibre de carbone"},"content":{"rendered":"<section class=\"bde-section-873-100 bde-section\">\n              \n  \n\t    \n      <div class=\"section-background-video\">\n              <video\n          autoplay\n muted\n loop\n>\n        <source src=\"https:\/\/cornflowerblue-squirrel-846455.hostingersite.com\/wp-content\/uploads\/2025\/02\/12716-241674181_small.mp4\" type=\"video\/mp4\" \/>\n      <\/video>\n      <\/div>\n\n\n  <div class=\"section-background-overlay\"><\/div>\n\n\n<div class=\"section-container\"><h1 class=\"bde-heading-873-101 bde-heading\">\n Recyclage de la fibre de carbone\n<\/h1><div class=\"bde-text-873-102 bde-text\">\n\n<\/div><div class=\"bde-fancy-divider-873-103 bde-fancy-divider\" data-entrance=\"slideLeft\">\n\n\n<div class=\"bde-fancy-divider__wrapper\">\n  <div class=\"bde-fancy-divider__separator\">\n  \t  <\/div>\n<\/div>\n\n<\/div><div class=\"bde-text-873-104 bde-text\">\nLe recyclage et la r\u00e9utilisation des fibres de carbone constituent une solution importante pour r\u00e9pondre aux exigences du d\u00e9veloppement durable des ressources et de la protection de l'environnement. <br><br>Avec l'application croissante des mat\u00e9riaux en fibre de carbone dans diverses industries, le recyclage et la r\u00e9utilisation efficaces de ces mat\u00e9riaux sont devenus une question cl\u00e9. <br><br>Gr\u00e2ce \u00e0 des technologies de recyclage avanc\u00e9es, la fibre de carbone peut \u00eatre extraite des d\u00e9chets et r\u00e9utilis\u00e9e pour produire de nouveaux mat\u00e9riaux composites ou d'autres produits de haute performance. Cela permet non seulement de r\u00e9duire les co\u00fbts de production, mais aussi de minimiser l'impact des d\u00e9chets sur l'environnement. <br><br>Le recyclage et la r\u00e9utilisation des fibres de carbone favorisent le d\u00e9veloppement de technologies vertes et offrent des solutions plus durables aux industries concern\u00e9es.<br>\n<\/div><\/div>\n<\/section><section class=\"bde-section-873-148 bde-section\">\n  \n\t\n\n\n\n<div class=\"section-container\"><h1 class=\"bde-heading-873-181 bde-heading\">\nPRODUITS\n<\/h1><div class=\"bde-columns-873-149 bde-columns\"><div class=\"bde-column-873-151 bde-column\">\n              \n  \n\t\n\n  <div class=\"section-background-overlay\"><\/div>\n\n\n\n<\/div><div class=\"bde-column-873-150 bde-column\">\n  \n\t\n\n\n\n<h1 class=\"bde-heading-873-152 bde-heading\" data-entrance=\"slideLeft\">\nFibre de carbone <br>Poudre \/ Fragments\n<\/h1><div class=\"bde-fancy-divider-873-153 bde-fancy-divider\" data-entrance=\"slideLeft\">\n\n\n<div class=\"bde-fancy-divider__wrapper\">\n  <div class=\"bde-fancy-divider__separator\">\n  \t  <\/div>\n<\/div>\n\n<\/div><div class=\"bde-text-873-154 bde-text translation-block\" data-entrance=\"slideLeft\">Le d\u00e9chiquetage de la fibre de carbone est un processus r\u00e9alis\u00e9 en collaboration avec les principaux instituts de recherche chinois, qui utilise comme mati\u00e8res premi\u00e8res divers produits en fibre de carbone, des d\u00e9chets de fibre de carbone et des produits mis au rebut. <br><br>Les mat\u00e9riaux sont trait\u00e9s et d\u00e9chiquet\u00e9s \u00e0 l'aide d'une d\u00e9chiqueteuse de fibres de carbone d\u00e9velopp\u00e9e et fabriqu\u00e9e ind\u00e9pendamment par notre soci\u00e9t\u00e9.<\/div>\n<\/div><\/div><div class=\"bde-columns-873-155 bde-columns\"><div class=\"bde-column-873-156 bde-column\">\n  \n\t\n\n\n\n<h1 class=\"bde-heading-873-157 bde-heading\" data-entrance=\"slideRight\">\nProduits <br>Applications\n<\/h1><div class=\"bde-fancy-divider-873-158 bde-fancy-divider\" data-entrance=\"slideRight\">\n\n\n<div class=\"bde-fancy-divider__wrapper\">\n  <div class=\"bde-fancy-divider__separator\">\n  \t  <\/div>\n<\/div>\n\n<\/div><div class=\"bde-columns-873-163 bde-columns\"><div class=\"bde-column-873-164 bde-column\">\n  \n\t\n\n\n\n<div class=\"bde-icon-873-169 bde-icon\">\n\n    \n            <div class=\"bde-icon-icon breakdance-icon-atom\" >\n    \n                    <svg xmlns=\"http:\/\/www.w3.org\/2000\/svg\" viewbox=\"0 0 256 512\"><!--! Font Awesome Free 6.5.1 by @fontawesome - https:\/\/fontawesome.com License - https:\/\/fontawesome.com\/license\/free (Icons: CC BY 4.0, Fonts: SIL OFL 1.1, Code: MIT License) Copyright 2023 Fonticons, Inc. --><path d=\"M160 64c0-11.8-6.5-22.6-16.9-28.2s-23-5-32.8 1.6l-96 64C-.5 111.2-4.4 131 5.4 145.8s29.7 18.7 44.4 8.9L96 123.8V416H32c-17.7 0-32 14.3-32 32s14.3 32 32 32h96 96c17.7 0 32-14.3 32-32s-14.3-32-32-32H160V64z\"\/><\/svg>\n        \n        \n        \n            <\/div>\n    \n\n\n<\/div><h1 class=\"bde-heading-873-167 bde-heading\">\nPr\u00e9paration du nouveau mat\u00e9riel\n<\/h1><div class=\"bde-text-873-168 bde-text\">\nLa fibre de carbone recycl\u00e9e est d\u00e9chiquet\u00e9e et m\u00e9lang\u00e9e \u00e0 de nouveaux mat\u00e9riaux pour produire de nouveaux mat\u00e9riaux composites.\n<\/div>\n<\/div><div class=\"bde-column-873-170 bde-column\">\n  \n\t\n\n\n\n<div class=\"bde-icon-873-171 bde-icon\">\n\n    \n            <div class=\"bde-icon-icon breakdance-icon-atom\" >\n    \n                    <svg xmlns=\"http:\/\/www.w3.org\/2000\/svg\" viewbox=\"0 0 320 512\"><!--! Font Awesome Free 6.5.1 by @fontawesome - https:\/\/fontawesome.com License - https:\/\/fontawesome.com\/license\/free (Icons: CC BY 4.0, Fonts: SIL OFL 1.1, Code: MIT License) Copyright 2023 Fonticons, Inc. --><path d=\"M142.9 96c-21.5 0-42.2 8.5-57.4 23.8L54.6 150.6c-12.5 12.5-32.8 12.5-45.3 0s-12.5-32.8 0-45.3L40.2 74.5C67.5 47.3 104.4 32 142.9 32C223 32 288 97 288 177.1c0 38.5-15.3 75.4-42.5 102.6L109.3 416H288c17.7 0 32 14.3 32 32s-14.3 32-32 32H32c-12.9 0-24.6-7.8-29.6-19.8s-2.2-25.7 6.9-34.9L200.2 234.5c15.2-15.2 23.8-35.9 23.8-57.4c0-44.8-36.3-81.1-81.1-81.1z\"\/><\/svg>\n        \n        \n        \n            <\/div>\n    \n\n\n<\/div><h1 class=\"bde-heading-873-172 bde-heading\">\nPr\u00e9paration du mat\u00e9riau d'obturation\n<\/h1><div class=\"bde-text-873-173 bde-text\">\nLa fibre de carbone d\u00e9chiquet\u00e9e est transform\u00e9e en mat\u00e9riaux de remplissage utilis\u00e9s dans la construction, les travaux routiers et d'autres projets d'ing\u00e9nierie.\n<\/div>\n<\/div><div class=\"bde-column-873-174 bde-column\">\n  \n\t\n\n\n\n<div class=\"bde-icon-873-175 bde-icon\">\n\n    \n            <div class=\"bde-icon-icon breakdance-icon-atom\" >\n    \n                    <svg xmlns=\"http:\/\/www.w3.org\/2000\/svg\" viewbox=\"0 0 320 512\"><!--! Font Awesome Free 6.5.1 by @fontawesome - https:\/\/fontawesome.com License - https:\/\/fontawesome.com\/license\/free (Icons: CC BY 4.0, Fonts: SIL OFL 1.1, Code: MIT License) Copyright 2023 Fonticons, Inc. --><path d=\"M0 64C0 46.3 14.3 32 32 32H272c13.2 0 25 8.1 29.8 20.4s1.5 26.3-8.2 35.2L162.3 208H184c75.1 0 136 60.9 136 136s-60.9 136-136 136H105.4C63 480 24.2 456 5.3 418.1l-1.9-3.8c-7.9-15.8-1.5-35 14.3-42.9s35-1.5 42.9 14.3l1.9 3.8c8.1 16.3 24.8 26.5 42.9 26.5H184c39.8 0 72-32.2 72-72s-32.2-72-72-72H80c-13.2 0-25-8.1-29.8-20.4s-1.5-26.3 8.2-35.2L189.7 96H32C14.3 96 0 81.7 0 64z\"\/><\/svg>\n        \n        \n        \n            <\/div>\n    \n\n\n<\/div><h1 class=\"bde-heading-873-176 bde-heading\">\nPressage de moules pour de nouveaux produits\n<\/h1><div class=\"bde-text-873-177 bde-text\">\nLa fibre de carbone d\u00e9chiquet\u00e9e est utilis\u00e9e comme mati\u00e8re premi\u00e8re, d\u00e9pos\u00e9e dans des moules, puis durcie \u00e0 haute temp\u00e9rature pour former des produits en fibre de carbone apr\u00e8s d\u00e9moulage.\n<\/div>\n<\/div><\/div>\n<\/div><div class=\"bde-column-873-160 bde-column\">\n              \n  \n\t\n\n  <div class=\"section-background-overlay\"><\/div>\n\n\n\n<\/div><\/div><\/div>\n<\/section><section class=\"bde-section-873-180 bde-section\">\n  \n\t\n\n\n\n<div class=\"section-container\"><div class=\"bde-columns-873-117 bde-columns\"><div class=\"bde-column-873-118 bde-column\">\n              \n  \n\t\n\n  <div class=\"section-background-overlay\"><\/div>\n\n\n<div class=\"bde-icon-873-119 bde-icon\">\n\n    \n            <div class=\"bde-icon-icon breakdance-icon-atom\" >\n    \n                    <svg xmlns=\"http:\/\/www.w3.org\/2000\/svg\" viewbox=\"0 0 512 512\"><!--! Font Awesome Free 6.5.1 by @fontawesome - https:\/\/fontawesome.com License - https:\/\/fontawesome.com\/license\/free (Icons: CC BY 4.0, Fonts: SIL OFL 1.1, Code: MIT License) Copyright 2023 Fonticons, Inc. --><path d=\"M448 256A192 192 0 1 0 64 256a192 192 0 1 0 384 0zM0 256a256 256 0 1 1 512 0A256 256 0 1 1 0 256zm256 80a80 80 0 1 0 0-160 80 80 0 1 0 0 160zm0-224a144 144 0 1 1 0 288 144 144 0 1 1 0-288zM224 256a32 32 0 1 1 64 0 32 32 0 1 1 -64 0z\"\/><\/svg>\n        \n        \n        \n            <\/div>\n    \n\n\n<\/div><h2 class=\"bde-heading-873-121 bde-heading\">\nFibre courte \/ Fibre de carbone <br>Produits de moulage\n<\/h2>\n<\/div><div class=\"bde-column-873-122 bde-column\">\n  \n\t\n\n\n\n<h3 class=\"bde-heading-873-123 bde-heading\">\nFibre courte \/ Fibre de carbone <br>Produits de moulage\n<\/h3><div class=\"bde-text-873-124 bde-text\">\nLa fibre de carbone d\u00e9chiquet\u00e9e est utilis\u00e9e comme mati\u00e8re premi\u00e8re, d\u00e9pos\u00e9e dans des moules, puis durcie \u00e0 haute temp\u00e9rature pour former des produits en fibre de carbone apr\u00e8s d\u00e9moulage.<br><br>Le pressage de moules en fibre de carbone est largement utilis\u00e9 dans des industries telles que l'a\u00e9rospatiale, l'automobile, les \u00e9quipements sportifs, la construction navale, l'\u00e9nergie \u00e9olienne et la construction. Il fournit des solutions de mat\u00e9riaux \u00e0 haute r\u00e9sistance, l\u00e9gers, r\u00e9sistants \u00e0 la chaleur et \u00e0 la corrosion pour ces domaines, favorisant les avanc\u00e9es technologiques et l'innovation des produits.<br><br>Avec le d\u00e9veloppement continu de la technologie, le champ d'application du pressage de moules en fibre de carbone continuera \u00e0 s'\u00e9tendre, offrant une technologie de fabrication de mat\u00e9riaux avanc\u00e9s \u00e0 un plus grand nombre d'industries.\n<\/div><div class=\"bde-button-873-125 bde-button\">\n    \n                                    \n    \n    \n    \n    \n            \n                    \n            \n                           \n                       \n                 \n\n    \n    \n                    \n    \n    <a class=\"breakdance-link button-atom button-atom--custom bde-button__button\" href=\"#\" target=\"_self\" data-type=\"action\"  data-action='{\"type\":\"popup\",\"popupOptions\":{\"popupId\":\"400\",\"popupAction\":\"open\"}}' >\n\n    \n        <span class=\"button-atom__text\">OBTENIR UN DEVIS<\/span>\n\n        \n        \n                <\/a>\n\n    \n\n\n<\/div>\n<\/div><\/div><\/div>\n<\/section><section class=\"bde-section-873-185 bde-section\">\n  \n\t\n\n\n\n<div class=\"section-container\"><h2 class=\"bde-heading-873-187 bde-heading\" data-entrance=\"slideLeft\">\nFibre longue en carbone <br>Tissu tiss\u00e9\n<\/h2><div class=\"bde-fancy-divider-873-205 bde-fancy-divider\" data-entrance=\"slideLeft\">\n\n\n<div class=\"bde-fancy-divider__wrapper\">\n  <div class=\"bde-fancy-divider__separator\">\n  \t  <\/div>\n<\/div>\n\n<\/div><div class=\"bde-columns-873-188 bde-columns\"><div class=\"bde-column-873-189 bde-column\">\n  \n\t\n\n\n\n<div class=\"bde-text-873-195 bde-text\">\nLa fibre de carbone recycl\u00e9e est d\u00e9chiquet\u00e9e et transform\u00e9e en fibre de carbone r\u00e9g\u00e9n\u00e9r\u00e9e \u00e0 fibres longues. Gr\u00e2ce \u00e0 l'\u00e9quipement de tissage et \u00e0 la machine \u00e0 tisser axiale de notre soci\u00e9t\u00e9, il est possible de tisser des tissus en fibre de carbone de diff\u00e9rentes sp\u00e9cifications.<br><br>Les tissus en fibre de carbone sont largement utilis\u00e9s dans le domaine du renforcement structurel pour des projets tels que les b\u00e2timents, les ponts, les tunnels, etc. Ils sont \u00e9galement largement utilis\u00e9s dans l'a\u00e9rospatiale, les \u00e9quipements sportifs, la fabrication industrielle et la protection contre les incendies. Par exemple, dans l'industrie a\u00e9rospatiale, les tissus en fibre de carbone peuvent \u00eatre utilis\u00e9s dans la fabrication de composants tels que les fuselages, les gouvernails et les carters de moteurs de fus\u00e9es ; dans le domaine des \u00e9quipements sportifs, ils sont utilis\u00e9s pour fabriquer des pi\u00e8ces de voitures, des composants de motos, des cannes \u00e0 p\u00eache, des battes de base-ball, etc.\n<\/div>\n<\/div><div class=\"bde-column-873-191 bde-column\">\n              \n  \n\t\n\n  <div class=\"section-background-overlay\"><\/div>\n\n\n\n<\/div><\/div><\/div>\n<\/section><section class=\"bde-section-873-126 bde-section\">\n              \n  \n\t\n\n  <div class=\"section-background-overlay\"><\/div>\n\n\n<div class=\"section-container\"><div class=\"bde-div-873-147 bde-div\">\n  \n\t\n\n\n\n<h2 class=\"bde-heading-873-107 bde-heading\" data-entrance=\"slideLeft\">\nD\u00e9chiqueteuse de fibres de carbone <br>avec r\u00e9sine sp\u00e9ciale\n<\/h2><div class=\"bde-fancy-divider-873-145 bde-fancy-divider\" data-entrance=\"slideLeft\">\n\n\n<div class=\"bde-fancy-divider__wrapper\">\n  <div class=\"bde-fancy-divider__separator\">\n  \t  <\/div>\n<\/div>\n\n<\/div><div class=\"bde-text-873-108 bde-text\">\nLe broyeur de fibre de carbone d\u00e9velopp\u00e9 ind\u00e9pendamment par notre soci\u00e9t\u00e9 fonctionne en alimentant la fibre de carbone avec une r\u00e9sine sp\u00e9ciale par l'entr\u00e9e dans la chambre de broyage. Pendant le processus, le mat\u00e9riau est refroidi \u00e0 l'azote liquide, tandis que le m\u00e9canisme d'entra\u00eenement fait tourner \u00e0 grande vitesse un ensemble de lames recouvertes d'un rev\u00eatement sp\u00e9cial pour couper le mat\u00e9riau.<br><br>Cette machine permet non seulement d'acc\u00e9l\u00e9rer l'efficacit\u00e9 du d\u00e9chiquetage, mais aussi de minimiser l'usure et la perte de r\u00e9sistance caus\u00e9es par les agents de boue sur la structure de la fibre de carbone pendant le d\u00e9chiquetage, ce qui permet de pr\u00e9server au maximum les propri\u00e9t\u00e9s du mat\u00e9riau.\n<\/div><div class=\"bde-columns-873-134 bde-columns\"><div class=\"bde-column-873-135 bde-column\">\n  \n\t\n\n\n\n<div class=\"bde-icon-box-873-141 bde-icon-box\">\n\n    \n            <div class=\"ee-iconbox-icon breakdance-icon-atom\" >\n    \n                    <svg xmlns=\"http:\/\/www.w3.org\/2000\/svg\" id=\"_\u56fe\u5c42_2\" data-name=\"\u56fe\u5c42 2\" viewbox=\"0 0 52.03 52.03\">\r\n  <defs>\r\n    <style>\r\n      .cls-1 {\r\n        fill: #fff;\r\n      }\r\n\r\n      .cls-2 {\r\n        fill: #1f4893;\r\n      }\r\n\r\n      .cls-3 {\r\n        fill: #e9ca2c;\r\n      }\r\n    <\/style>\r\n  <\/defs>\r\n  <g id=\"_\u56fe\u5c42_1-2\" data-name=\"\u56fe\u5c42 1\">\r\n    <g>\r\n      <circle class=\"cls-2\" cx=\"26.01\" cy=\"26.01\" r=\"26.01\"\/>\r\n      <path class=\"cls-1\" d=\"M31.82,26.01c-4.31,.83-4.98,1.5-5.8,5.8-.83-4.31-1.5-4.98-5.8-5.8,4.31-.83,4.98-1.5,5.8-5.8,.83,4.31,1.5,4.98,5.8,5.8Z\"\/>\r\n      <g>\r\n        <path class=\"cls-3\" d=\"M16.73,41.91c-1.97,0-3.65-.57-4.85-1.77-4.03-4.03-.97-13.39,6.95-21.31,7.92-7.92,17.28-10.97,21.31-6.95s.97,13.39-6.95,21.31c-5.56,5.56-11.83,8.72-16.46,8.72ZM35.3,12.09c-4.02,0-9.96,3.06-15.05,8.15-6.89,6.89-10.07,15.35-6.95,18.48,3.12,3.13,11.59-.06,18.48-6.95,6.89-6.89,10.07-15.35,6.95-18.48-.82-.82-2-1.2-3.43-1.2Z\"\/>\r\n        <path class=\"cls-3\" d=\"M35.29,41.91c-4.64,0-10.9-3.16-16.46-8.72-7.92-7.92-10.97-17.28-6.95-21.31,4.03-4.03,13.39-.97,21.31,6.95,7.92,7.92,10.97,17.28,6.95,21.31-1.2,1.2-2.88,1.77-4.85,1.77ZM16.73,12.09c-1.43,0-2.61,.39-3.43,1.2-3.12,3.13,.06,11.59,6.95,18.48,6.89,6.89,15.35,10.07,18.48,6.95,3.13-3.13-.06-11.59-6.95-18.48-5.09-5.09-11.03-8.15-15.05-8.15Z\"\/>\r\n      <\/g>\r\n    <\/g>\r\n  <\/g>\r\n<\/svg>\n        \n        \n        \n            <\/div>\n    \n\n<div class=\"ee-iconbox-content\">\n      <p class=\"ee-iconbox-title\" >D\u00e9velopp\u00e9 de mani\u00e8re ind\u00e9pendante<\/p>\n      <\/div>\n\n<\/div>\n<\/div><div class=\"bde-column-873-136 bde-column\">\n  \n\t\n\n\n\n<div class=\"bde-icon-box-873-146 bde-icon-box\">\n\n    \n            <div class=\"ee-iconbox-icon breakdance-icon-atom\" >\n    \n                    <svg xmlns=\"http:\/\/www.w3.org\/2000\/svg\" id=\"_\u56fe\u5c42_2\" data-name=\"\u56fe\u5c42 2\" viewbox=\"0 0 58.83 52.34\">\r\n  <defs>\r\n    <style>\r\n      .cls-1 {\r\n        fill: #fff;\r\n      }\r\n\r\n      .cls-2 {\r\n        fill: #1f4893;\r\n      }\r\n\r\n      .cls-3 {\r\n        fill: #e9ca2c;\r\n      }\r\n    <\/style>\r\n  <\/defs>\r\n  <g id=\"_\u56fe\u5c42_1-2\" data-name=\"\u56fe\u5c42 1\">\r\n    <g>\r\n      <g>\r\n        <path class=\"cls-2\" d=\"M26.01,52.03C11.65,52.03,0,40.38,0,26.01S11.65,0,26.01,0s26.01,11.65,26.01,26.01-11.65,26.01-26.01,26.01\"\/>\r\n        <g>\r\n          <path class=\"cls-1\" d=\"M18.89,32.48c-1.09,0-2.04-.2-2.84-.61s-1.42-.98-1.85-1.73c-.43-.75-.65-1.64-.65-2.66v-8.45h2.34v8.25c0,1.03,.25,1.82,.76,2.35,.5,.54,1.23,.81,2.17,.81s1.66-.27,2.16-.81c.5-.54,.75-1.32,.75-2.35v-8.25h2.5v8.45c0,1.02-.22,1.91-.65,2.66-.43,.75-1.05,1.33-1.85,1.73s-1.74,.61-2.82,.61Z\"\/>\r\n          <path class=\"cls-1\" d=\"M35.77,23.35c0,.85-.18,1.6-.54,2.25s-.87,1.15-1.52,1.52c-.65,.36-1.41,.54-2.27,.54h-2.34v4.61h-2.5v-13.23h4.83c.86,0,1.61,.18,2.27,.54,.65,.36,1.16,.87,1.52,1.52,.36,.65,.54,1.4,.54,2.25Zm-2.5,0c0-.76-.21-1.33-.62-1.74-.41-.4-1-.61-1.77-.61h-1.78v4.69h1.78c.76,0,1.35-.2,1.77-.61,.41-.4,.62-.98,.62-1.74Z\"\/>\r\n        <\/g>\r\n        <path class=\"cls-3\" d=\"M48.96,21.73l-14.54,8.97,8.18,2.31s-3.42,14.45-12.36,17.71l-.92,.29c-.08,.02-.15,.05-.23,.07-.42,.09-2.41,.52-3.04,.36-.7-.18,7.41,4.28,17.5-4.95l-.19,.11c2.84-2.48,5.5-6.26,7.28-12.02l8.18,2.31-9.86-15.14Z\"\/>\r\n        <path class=\"cls-3\" d=\"M41.52,46.84l1.29-.96s-1.31,1.07-1.41,1.09,.12-.12,.12-.12Z\"\/>\r\n      <\/g>\r\n      <path class=\"cls-3\" d=\"M44.25,15c-3.52,.67-4.06,1.22-4.74,4.74-.67-3.52-1.22-4.06-4.74-4.74,3.52-.67,4.06-1.22,4.74-4.74,.67,3.52,1.22,4.06,4.74,4.74Z\"\/>\r\n    <\/g>\r\n  <\/g>\r\n<\/svg>\n        \n        \n        \n            <\/div>\n    \n\n<div class=\"ee-iconbox-content\">\n      <p class=\"ee-iconbox-title\" >Efficacit\u00e9 de broyage \u00e9lev\u00e9e<\/p>\n      <\/div>\n\n<\/div>\n<\/div><div class=\"bde-column-873-137 bde-column\">\n  \n\t\n\n\n\n<div class=\"bde-icon-box-873-144 bde-icon-box\">\n\n    \n            <div class=\"ee-iconbox-icon breakdance-icon-atom\" >\n    \n                    <svg xmlns=\"http:\/\/www.w3.org\/2000\/svg\" id=\"_\u56fe\u5c42_2\" data-name=\"\u56fe\u5c42 2\" viewbox=\"0 0 52.03 52.03\">\r\n  <defs>\r\n    <style>\r\n      .cls-1 {\r\n        fill: #fff;\r\n      }\r\n\r\n      .cls-2 {\r\n        fill: #1f4893;\r\n      }\r\n\r\n      .cls-3 {\r\n        fill: #e9ca2c;\r\n      }\r\n    <\/style>\r\n  <\/defs>\r\n  <g id=\"_\u56fe\u5c42_1-2\" data-name=\"\u56fe\u5c42 1\">\r\n    <g>\r\n      <circle class=\"cls-2\" cx=\"26.01\" cy=\"26.01\" r=\"26.01\"\/>\r\n      <g>\r\n        <path class=\"cls-1\" d=\"M13.91,23.67c-.73-.13-1.23-.3-1.52-.51s-.43-.5-.43-.89,.14-.71,.41-.92,.69-.32,1.24-.32c.51,0,.92,.1,1.22,.31,.3,.21,.53,.51,.69,.92l1.55-.72c-.22-.7-.63-1.24-1.22-1.61s-1.35-.55-2.28-.55c-.73,0-1.36,.13-1.89,.38-.54,.25-.95,.6-1.23,1.05-.28,.45-.43,.97-.43,1.55,0,.81,.25,1.46,.75,1.95,.5,.49,1.28,.83,2.34,1.02,.8,.15,1.36,.35,1.69,.6,.33,.25,.49,.59,.49,1.02,0,.46-.15,.8-.46,1.05s-.76,.37-1.35,.37-1.08-.12-1.47-.37c-.39-.25-.66-.61-.8-1.09l-1.56,.73c.22,.76,.67,1.35,1.34,1.76s1.5,.62,2.51,.62c.73,0,1.38-.13,1.95-.4s1.02-.63,1.34-1.11c.32-.48,.48-1.01,.48-1.61,0-.91-.26-1.62-.79-2.14-.53-.51-1.37-.87-2.54-1.08Z\"\/>\r\n        <path class=\"cls-1\" d=\"M21.17,19.54l-3.43,10.29h1.98l.78-2.63h3.62l.78,2.63h2.09l-3.43-10.29h-2.4Zm-.17,6.02l1.32-4.46,1.31,4.46h-2.63Z\"\/>\r\n        <polygon class=\"cls-1\" points=\"32.19 28.28 29.59 19.54 27.51 19.54 30.94 29.83 33.34 29.83 36.77 19.54 34.79 19.54 32.19 28.28\"\/>\r\n        <polygon class=\"cls-1\" points=\"44.3 21.18 44.3 19.54 37.98 19.54 37.98 29.83 44.3 29.83 44.3 28.21 39.92 28.21 39.92 25.25 44 25.25 44 23.62 39.92 23.62 39.92 21.18 44.3 21.18\"\/>\r\n      <\/g>\r\n      <path class=\"cls-3\" d=\"M52.03,26.01c0-.98-.06-1.94-.16-2.89C31.92,61.23,4.61,40.39,4.06,39.96c4.62,7.25,12.72,12.07,21.95,12.07,14.37,0,26.01-11.65,26.01-26.01Z\"\/>\r\n      <path class=\"cls-3\" d=\"M14.29,18.4c-4.31,.83-4.98,1.5-5.8,5.8-.83-4.31-1.5-4.98-5.8-5.8,4.31-.83,4.98-1.5,5.8-5.8,.83,4.31,1.5,4.98,5.8,5.8Z\"\/>\r\n    <\/g>\r\n  <\/g>\r\n<\/svg>\n        \n        \n        \n            <\/div>\n    \n\n<div class=\"ee-iconbox-content\">\n      <p class=\"ee-iconbox-title\" >Conservation des biens mat\u00e9riels<\/p>\n      <\/div>\n\n<\/div>\n<\/div><\/div>\n<\/div><\/div>\n<\/section><section class=\"bde-section-873-196 bde-section\">\n              \n  \n\t\n\n  <div class=\"section-background-overlay\"><\/div>\n\n\n<div class=\"section-container\"><h1 class=\"bde-heading-873-197 bde-heading\" data-entrance=\"slideUp\">\nInnover pour l'avenir<br>Fa\u00e7onner l'excellence\n<\/h1><div class=\"bde-fancy-divider-873-198 bde-fancy-divider\" data-entrance=\"flipRight\">\n\n\n<div class=\"bde-fancy-divider__wrapper\">\n  <div class=\"bde-fancy-divider__separator\">\n  \t  <\/div>\n<\/div>\n\n<\/div><div class=\"bde-columns-873-199 bde-columns\"><div class=\"bde-column-873-200 bde-column\">\n  \n\t\n\n\n\n<h3 class=\"bde-heading-873-201 bde-heading\">\nObtenir des solutions\n<\/h3><div class=\"bde-text-873-202 bde-text\">\nChez ZC FIBERTECH, nous sommes sp\u00e9cialis\u00e9s dans la fourniture de solutions performantes en mati\u00e8re de fibres de carbone et de mat\u00e9riaux composites. Qu'il s'agisse de produits standard ou de services personnalis\u00e9s, notre \u00e9quipe d'experts \u00e9laborera les mat\u00e9riaux et les technologies les mieux adapt\u00e9s \u00e0 vos besoins, en garantissant une qualit\u00e9 et une fiabilit\u00e9 exceptionnelles. <br><br>Contactez-nous d\u00e8s aujourd'hui et embarquez ensemble pour un voyage d'innovation !\n<\/div><div class=\"bde-button-873-203 bde-button\">\n    \n                                    \n    \n    \n    \n    \n            \n                    \n            \n                           \n                       \n                 \n\n    \n    \n                    \n    \n    <a class=\"breakdance-link button-atom button-atom--custom bde-button__button\" href=\"#\" target=\"_self\" data-type=\"action\"  data-action='{\"type\":\"popup\",\"popupOptions\":{\"popupId\":\"400\",\"popupAction\":\"open\"}}' >\n\n    \n        <span class=\"button-atom__text\">Obtenir un devis<\/span>\n\n        \n        \n                <\/a>\n\n    \n\n\n<\/div>\n<\/div><div class=\"bde-column-873-204 bde-column\">\n              \n  \n\t\n\n  <div class=\"section-background-overlay\"><\/div>\n\n\n\n<\/div><\/div><\/div>\n<\/section>","protected":false},"excerpt":{"rendered":"<p>Carbon Fiber Recycling Carbon fiber recycling and reuse is an important solution to meet the demands of sustainable resource development and environmental protection. With the increasing application of carbon fiber materials across various industries, efficient recycling and reuse of these materials has become a key issue. Through advanced recycling technologies, carbon fiber can be extracted [&hellip;]<\/p>","protected":false},"author":1,"featured_media":0,"parent":811,"menu_order":0,"comment_status":"closed","ping_status":"closed","template":"","meta":{"_breakdance_hide_in_design_set":false,"_breakdance_tags":"","footnotes":""},"class_list":["post-873","page","type-page","status-publish","hentry"],"_links":{"self":[{"href":"https:\/\/zcfibertech.com\/fr\/wp-json\/wp\/v2\/pages\/873","targetHints":{"allow":["GET"]}}],"collection":[{"href":"https:\/\/zcfibertech.com\/fr\/wp-json\/wp\/v2\/pages"}],"about":[{"href":"https:\/\/zcfibertech.com\/fr\/wp-json\/wp\/v2\/types\/page"}],"author":[{"embeddable":true,"href":"https:\/\/zcfibertech.com\/fr\/wp-json\/wp\/v2\/users\/1"}],"replies":[{"embeddable":true,"href":"https:\/\/zcfibertech.com\/fr\/wp-json\/wp\/v2\/comments?post=873"}],"version-history":[{"count":28,"href":"https:\/\/zcfibertech.com\/fr\/wp-json\/wp\/v2\/pages\/873\/revisions"}],"predecessor-version":[{"id":1077,"href":"https:\/\/zcfibertech.com\/fr\/wp-json\/wp\/v2\/pages\/873\/revisions\/1077"}],"up":[{"embeddable":true,"href":"https:\/\/zcfibertech.com\/fr\/wp-json\/wp\/v2\/pages\/811"}],"wp:attachment":[{"href":"https:\/\/zcfibertech.com\/fr\/wp-json\/wp\/v2\/media?parent=873"}],"curies":[{"name":"wp","href":"https:\/\/api.w.org\/{rel}","templated":true}]}}