{"id":661,"date":"2025-02-24T03:52:44","date_gmt":"2025-02-24T03:52:44","guid":{"rendered":"https:\/\/zcfibertech.com\/?page_id=661"},"modified":"2025-03-04T09:11:11","modified_gmt":"2025-03-04T09:11:11","slug":"sporting-goods","status":"publish","type":"page","link":"https:\/\/zcfibertech.com\/fr\/markets\/sporting-goods\/","title":{"rendered":"Articles de sport"},"content":{"rendered":"<section class=\"bde-section-661-100 bde-section\">\n              \n  \n\t    \n      <div class=\"section-background-video\">\n              <video\n          autoplay\n muted\n loop\n>\n        <source src=\"https:\/\/zcfibertech.com\/wp-content\/uploads\/2025\/02\/110734-688648666_small.mp4\" type=\"video\/mp4\" \/>\n      <\/video>\n      <\/div>\n\n\n\n\n<div class=\"section-container\"><h1 class=\"bde-heading-661-101 bde-heading\" data-entrance=\"slideLeft\">\nArticles de sport\n<\/h1><div class=\"bde-fancy-divider-661-102 bde-fancy-divider\" data-entrance=\"slideLeft\">\n\n\n<div class=\"bde-fancy-divider__wrapper\">\n  <div class=\"bde-fancy-divider__separator\">\n  \t  <\/div>\n<\/div>\n\n<\/div><\/div>\n<\/section><section class=\"bde-section-661-103 bde-section\">\n              \n  \n\t    \n      <div class=\"section-background-video\">\n          <\/div>\n\n\n\n\n<div class=\"section-container\"><div class=\"bde-columns-661-104 bde-columns\"><div class=\"bde-column-661-105 bde-column\">\n  \n\t\n\n\n\n<h1 class=\"bde-heading-661-106 bde-heading\">\nApplications des composites \u00e0 base de fibres de carbone dans les \u00e9quipements sportifs\n<\/h1><div class=\"bde-text-661-107 bde-text\">\nL'utilisation de composites \u00e0 base de fibres de carbone dans les \u00e9quipements sportifs est de plus en plus r\u00e9pandue en raison de leur l\u00e9g\u00e8ret\u00e9, de leur r\u00e9sistance \u00e9lev\u00e9e et de leur durabilit\u00e9. <br><br>Des clubs de golf aux cadres de v\u00e9lo en passant par les raquettes de tennis et les skis, les composites \u00e0 base de fibres de carbone r\u00e9duisent efficacement le poids des \u00e9quipements sportifs tout en am\u00e9liorant les performances et la maniabilit\u00e9. <br><br>Ils am\u00e9liorent non seulement la r\u00e9sistance et la durabilit\u00e9 de l'\u00e9quipement sportif, mais aussi les performances des athl\u00e8tes, en les aidant \u00e0 obtenir de meilleurs r\u00e9sultats et \u00e0 vivre des exp\u00e9riences sportives intenses.\n<\/div>\n<\/div><div class=\"bde-column-661-110 bde-column\">\n  \n\t\n\n\n\n<div class=\"bde-icon-661-111 bde-icon\">\n\n    \n            <div class=\"bde-icon-icon breakdance-icon-atom\" >\n    \n                    <svg xmlns=\"http:\/\/www.w3.org\/2000\/svg\" id=\"_\u56fe\u5c42_1\" data-name=\"\u56fe\u5c42 1\" viewbox=\"0 0 39.69 39.69\">\r\n  <defs>\r\n    <style>\r\n      .cls-1 {\r\n        fill: #fff;\r\n      }\r\n    <\/style>\r\n  <\/defs>\r\n  <path class=\"cls-1\" d=\"M23.99,5.7L5.6,33.98h27.75c.29,0,.52-.23,.52-.52v-10.73h-5.65v5.4h-12.04L26.94,11.5h1.25v6.49h5.89V6.23c0-.29-.24-.53-.53-.53h-9.56Z\"\/>\r\n  <path class=\"cls-1\" d=\"M6.13,5.7H22.19l-3.95,6.04h-6.44v9.84l-6.19,9.19V6.23c0-.29,.24-.53,.53-.53Z\"\/>\r\n<\/svg>\n        \n        \n        \n            <\/div>\n    \n\n\n<\/div><div class=\"bde-text-661-112 bde-text\">\nZC FiberTech fournit des fibres de carbone et des mat\u00e9riaux composites de haute performance pour les \u00e9quipements sportifs.<br><br>Nos mat\u00e9riaux am\u00e9liorent la durabilit\u00e9, la r\u00e9sistance et la performance des \u00e9quipements tels que les \u00e9quipements de protection, les skis, les planches de surf et les planches \u00e0 neige. En utilisant des composites en fibre de carbone \u00e0 la fois l\u00e9gers et tr\u00e8s r\u00e9sistants, nous contribuons \u00e0 r\u00e9duire le poids de l'\u00e9quipement, \u00e0 am\u00e9liorer l'efficacit\u00e9 et \u00e0 donner aux athl\u00e8tes un avantage comp\u00e9titif. <br><br>Nous nous engageons \u00e0 stimuler l'innovation et \u00e0 fournir des mat\u00e9riaux de haute qualit\u00e9 qui soutiennent les athl\u00e8tes professionnels et de loisir.<br>\n<\/div>\n<\/div><\/div><\/div>\n<\/section><section class=\"bde-section-661-113 bde-section\">\n              \n  \n\t\n\n  <div class=\"section-background-overlay\"><\/div>\n\n\n<div class=\"section-container\"><h1 class=\"bde-heading-661-114 bde-heading\">\nCAS\n<\/h1><div class=\"bde-fancy-divider-661-115 bde-fancy-divider\" data-entrance=\"flipRight\">\n\n\n<div class=\"bde-fancy-divider__wrapper\">\n  <div class=\"bde-fancy-divider__separator\">\n  \t  <\/div>\n<\/div>\n\n<\/div><div class=\"bde-shortcodewrapper-661-116 bde-shortcodewrapper\">\n<div><div id=\"image-map-pro-44740c87-7594-48d5-9f0b-3bebba0d200a\"><\/div><\/div> \n<\/div><\/div>\n<\/section><section class=\"bde-section-661-117 bde-section\">\n              \n  \n\t\n\n  <div class=\"section-background-overlay\"><\/div>\n\n\n<div class=\"section-container\"><h1 class=\"bde-heading-661-118 bde-heading\" data-entrance=\"slideUp\">\nAm\u00e9liorez votre \u00e9quipement sportif gr\u00e2ce aux mat\u00e9riaux avanc\u00e9s de ZC FiberTech\n<\/h1><div class=\"bde-fancy-divider-661-119 bde-fancy-divider\" data-entrance=\"flipRight\">\n\n\n<div class=\"bde-fancy-divider__wrapper\">\n  <div class=\"bde-fancy-divider__separator\">\n  \t  <\/div>\n<\/div>\n\n<\/div><div class=\"bde-columns-661-120 bde-columns\"><div class=\"bde-column-661-121 bde-column\">\n  \n\t\n\n\n\n<h3 class=\"bde-heading-661-122 bde-heading\">\nObtenir des solutions personnalis\u00e9es\n<\/h3><div class=\"bde-text-661-123 bde-text\">\nPr\u00eat \u00e0 faire passer votre \u00e9quipement sportif au niveau sup\u00e9rieur ? <br><br>Chez ZC FiberTech, nous sommes sp\u00e9cialis\u00e9s dans la fibre de carbone et les mat\u00e9riaux composites avanc\u00e9s qui am\u00e9liorent les performances, la durabilit\u00e9 et l'efficacit\u00e9. Que vous conceviez des \u00e9quipements sportifs de pointe ou que vous cherchiez \u00e0 am\u00e9liorer des produits existants, nos solutions offrent les propri\u00e9t\u00e9s de r\u00e9sistance et de l\u00e9g\u00e8ret\u00e9 dont vous avez besoin pour garder une longueur d'avance sur la concurrence. <br><br>Contactez-nous d\u00e8s aujourd'hui pour d\u00e9couvrir comment nos mat\u00e9riaux haute performance peuvent transformer vos produits et donner \u00e0 vos athl\u00e8tes l'avantage dont ils ont besoin !\n<\/div><div class=\"bde-button-661-124 bde-button\">\n    \n                                    \n    \n    \n    \n    \n            \n                    \n            \n                           \n                       \n                 \n\n    \n    \n                    \n    \n    <a class=\"breakdance-link button-atom button-atom--custom bde-button__button\" href=\"#\" target=\"_self\" data-type=\"action\"  data-action='{\"type\":\"popup\",\"popupOptions\":{\"popupId\":\"400\",\"popupAction\":\"open\"}}' >\n\n    \n        <span class=\"button-atom__text\">Obtenir un devis<\/span>\n\n        \n        \n                <\/a>\n\n    \n\n\n<\/div>\n<\/div><div class=\"bde-column-661-125 bde-column\">\n              \n  \n\t\n\n  <div class=\"section-background-overlay\"><\/div>\n\n\n\n<\/div><\/div><\/div>\n<\/section>","protected":false},"excerpt":{"rendered":"<p>Sporting Goods Applications of Carbon Fiber Composites in Sports Equipment The use of carbon fiber composites in sports equipment is becoming increasingly widespread due to their lightweight, high strength, and durability. From golf clubs and bicycle frames to tennis rackets and skis, carbon fiber composites effectively reduce the weight of sports gear while enhancing performance [&hellip;]<\/p>","protected":false},"author":1,"featured_media":0,"parent":419,"menu_order":0,"comment_status":"closed","ping_status":"closed","template":"","meta":{"_breakdance_hide_in_design_set":false,"_breakdance_tags":"","footnotes":""},"class_list":["post-661","page","type-page","status-publish","hentry"],"_links":{"self":[{"href":"https:\/\/zcfibertech.com\/fr\/wp-json\/wp\/v2\/pages\/661","targetHints":{"allow":["GET"]}}],"collection":[{"href":"https:\/\/zcfibertech.com\/fr\/wp-json\/wp\/v2\/pages"}],"about":[{"href":"https:\/\/zcfibertech.com\/fr\/wp-json\/wp\/v2\/types\/page"}],"author":[{"embeddable":true,"href":"https:\/\/zcfibertech.com\/fr\/wp-json\/wp\/v2\/users\/1"}],"replies":[{"embeddable":true,"href":"https:\/\/zcfibertech.com\/fr\/wp-json\/wp\/v2\/comments?post=661"}],"version-history":[{"count":15,"href":"https:\/\/zcfibertech.com\/fr\/wp-json\/wp\/v2\/pages\/661\/revisions"}],"predecessor-version":[{"id":1055,"href":"https:\/\/zcfibertech.com\/fr\/wp-json\/wp\/v2\/pages\/661\/revisions\/1055"}],"up":[{"embeddable":true,"href":"https:\/\/zcfibertech.com\/fr\/wp-json\/wp\/v2\/pages\/419"}],"wp:attachment":[{"href":"https:\/\/zcfibertech.com\/fr\/wp-json\/wp\/v2\/media?parent=661"}],"curies":[{"name":"wp","href":"https:\/\/api.w.org\/{rel}","templated":true}]}}