{"id":655,"date":"2025-02-24T03:46:58","date_gmt":"2025-02-24T03:46:58","guid":{"rendered":"https:\/\/zcfibertech.com\/?page_id=655"},"modified":"2025-03-04T07:48:39","modified_gmt":"2025-03-04T07:48:39","slug":"marine","status":"publish","type":"page","link":"https:\/\/zcfibertech.com\/fr\/markets\/marine\/","title":{"rendered":"Marine"},"content":{"rendered":"<section class=\"bde-section-655-100 bde-section\">\n              \n  \n\t    \n      <div class=\"section-background-video\">\n              <video\n          autoplay\n muted\n loop\n>\n        <source src=\"https:\/\/zcfibertech.com\/wp-content\/uploads\/2025\/02\/23011-332483109_small.mp4\" type=\"video\/mp4\" \/>\n      <\/video>\n      <\/div>\n\n\n  <div class=\"section-background-overlay\"><\/div>\n\n\n<div class=\"section-container\"><h1 class=\"bde-heading-655-101 bde-heading\" data-entrance=\"slideLeft\">\nMarine\n<\/h1><div class=\"bde-fancy-divider-655-104 bde-fancy-divider\" data-entrance=\"slideLeft\">\n\n\n<div class=\"bde-fancy-divider__wrapper\">\n  <div class=\"bde-fancy-divider__separator\">\n  \t  <\/div>\n<\/div>\n\n<\/div><\/div>\n<\/section><section class=\"bde-section-655-106 bde-section\">\n              \n  \n\t    \n      <div class=\"section-background-video\">\n          <\/div>\n\n\n\n\n<div class=\"section-container\"><div class=\"bde-columns-655-107 bde-columns\"><div class=\"bde-column-655-108 bde-column\">\n  \n\t\n\n\n\n<h1 class=\"bde-heading-655-109 bde-heading\">\nLes composites \u00e0 base de fibres de carbone dans l'industrie maritime\n<\/h1><div class=\"bde-text-655-110 bde-text\">\nLes composites \u00e0 base de fibres de carbone, avec leurs propri\u00e9t\u00e9s de l\u00e9g\u00e8ret\u00e9, de haute r\u00e9sistance et de r\u00e9sistance \u00e0 la corrosion, sont de plus en plus utilis\u00e9s dans l'industrie maritime. <br><br>Ils sont largement utilis\u00e9s dans la construction navale, les plateformes offshore, les submersibles, les robots sous-marins et la production d'\u00e9nergie \u00e9olienne offshore, am\u00e9liorant consid\u00e9rablement la durabilit\u00e9, l'efficacit\u00e9 et la s\u00e9curit\u00e9 des \u00e9quipements. <br><br>Les composites \u00e0 base de fibres de carbone permettent non seulement de r\u00e9duire le poids des structures, mais aussi d'am\u00e9liorer la r\u00e9sistance aux vagues, \u00e0 la corrosion et aux hautes pressions, ce qui les rend id\u00e9aux pour les environnements marins difficiles. <br><br>Ces avantages font des composites \u00e0 base de fibres de carbone un mat\u00e9riau indispensable \u00e0 l'industrie maritime, qui favorise l'innovation technologique et l'am\u00e9lioration des performances.\n<\/div>\n<\/div><div class=\"bde-column-655-113 bde-column\">\n  \n\t\n\n\n\n<div class=\"bde-icon-655-114 bde-icon\">\n\n    \n            <div class=\"bde-icon-icon breakdance-icon-atom\" >\n    \n                    <svg xmlns=\"http:\/\/www.w3.org\/2000\/svg\" id=\"_\u56fe\u5c42_1\" data-name=\"\u56fe\u5c42 1\" viewbox=\"0 0 39.69 39.69\">\r\n  <defs>\r\n    <style>\r\n      .cls-1 {\r\n        fill: #fff;\r\n      }\r\n    <\/style>\r\n  <\/defs>\r\n  <path class=\"cls-1\" d=\"M23.99,5.7L5.6,33.98h27.75c.29,0,.52-.23,.52-.52v-10.73h-5.65v5.4h-12.04L26.94,11.5h1.25v6.49h5.89V6.23c0-.29-.24-.53-.53-.53h-9.56Z\"\/>\r\n  <path class=\"cls-1\" d=\"M6.13,5.7H22.19l-3.95,6.04h-6.44v9.84l-6.19,9.19V6.23c0-.29,.24-.53,.53-.53Z\"\/>\r\n<\/svg>\n        \n        \n        \n            <\/div>\n    \n\n\n<\/div><div class=\"bde-text-655-115 bde-text\">\nZC FiberTech est \u00e0 l'avant-garde de la fourniture de solutions de fibres de carbone et de mat\u00e9riaux composites de haute performance.<br><br>Qu'il s'agisse d'am\u00e9liorer les performances des coques de navires, de renforcer la structure des plates-formes offshore ou de soutenir la durabilit\u00e9 des outils d'exploration en eaux profondes, les produits de ZC FiberTech sont con\u00e7us pour r\u00e9pondre aux besoins exigeants de l'industrie maritime. <br><br>Nous nous engageons \u00e0 stimuler l'innovation et \u00e0 am\u00e9liorer les performances des technologies marines gr\u00e2ce \u00e0 la fibre de carbone et aux mat\u00e9riaux composites.\n<\/div>\n<\/div><\/div><\/div>\n<\/section><section class=\"bde-section-655-121 bde-section\">\n  \n\t\n\n\n\n<div class=\"section-container\"><div class=\"bde-image-655-122 bde-image\">\n<figure class=\"breakdance-image breakdance-image--677\">\n\t<div class=\"breakdance-image-container\">\n\t\t<div class=\"breakdance-image-clip\"><img loading=\"lazy\" decoding=\"async\" class=\"breakdance-image-object\" src=\"https:\/\/zcfibertech.com\/wp-content\/uploads\/2025\/02\/port-6469319_1920.jpg\" width=\"1920\" height=\"1440\" srcset=\"https:\/\/zcfibertech.com\/wp-content\/uploads\/2025\/02\/port-6469319_1920.jpg 1920w, https:\/\/zcfibertech.com\/wp-content\/uploads\/2025\/02\/port-6469319_1920-300x225.jpg 300w, https:\/\/zcfibertech.com\/wp-content\/uploads\/2025\/02\/port-6469319_1920-1024x768.jpg 1024w, https:\/\/zcfibertech.com\/wp-content\/uploads\/2025\/02\/port-6469319_1920-768x576.jpg 768w, https:\/\/zcfibertech.com\/wp-content\/uploads\/2025\/02\/port-6469319_1920-1536x1152.jpg 1536w\" sizes=\"auto, (max-width: 1920px) 100vw, 1920px\"><\/div>\n\t<\/div><\/figure>\n\n<\/div><h2 class=\"bde-heading-655-123 bde-heading\">\nAvantages des composites \u00e0 base de fibres de carbone dans l'industrie automobile\n<\/h2><h1 class=\"bde-heading-655-124 bde-heading\">\nIndustrie maritime\n<\/h1><div class=\"bde-text-655-125 bde-text\">\nLa fibre de carbone et les mat\u00e9riaux composites jouent un r\u00f4le crucial dans l'industrie maritime, en stimulant l'innovation technologique et en am\u00e9liorant les performances et la durabilit\u00e9 des \u00e9quipements.\n<\/div><div class=\"bde-columns-655-126 bde-columns\"><div class=\"bde-column-655-127 bde-column\">\n  \n\t\n\n\n\n<div class=\"bde-text-655-128 bde-text\">\n01\n<\/div><h3 class=\"bde-heading-655-129 bde-heading\">\nL\u00e9ger et tr\u00e8s r\u00e9sistant\n<\/h3><div class=\"bde-text-655-130 bde-text\">\nLa fibre de carbone et les mat\u00e9riaux composites ont une r\u00e9sistance extr\u00eamement \u00e9lev\u00e9e tout en \u00e9tant beaucoup plus l\u00e9gers que les m\u00e9taux traditionnels, ce qui r\u00e9duit consid\u00e9rablement le poids total de l'\u00e9quipement et am\u00e9liore l'efficacit\u00e9 et la flexibilit\u00e9 op\u00e9rationnelle.\n<\/div>\n<\/div><div class=\"bde-column-655-131 bde-column\">\n  \n\t\n\n\n\n<div class=\"bde-text-655-132 bde-text\">\n02\n<\/div><h3 class=\"bde-heading-655-133 bde-heading\">\nR\u00e9sistance \u00e0 la corrosion\n<\/h3><div class=\"bde-text-655-134 bde-text\">\nLa fibre de carbone a une excellente r\u00e9sistance \u00e0 la corrosion, elle r\u00e9siste efficacement aux effets corrosifs de l'eau de mer et du brouillard salin, ce qui prolonge la dur\u00e9e de vie des installations et des \u00e9quipements maritimes.\n<\/div>\n<\/div><div class=\"bde-column-655-135 bde-column\">\n  \n\t\n\n\n\n<div class=\"bde-text-655-136 bde-text\">\n03\n<\/div><h3 class=\"bde-heading-655-137 bde-heading\">\nR\u00e9sistance \u00e0 la haute pression\n<\/h3><div class=\"bde-text-655-138 bde-text\">\nLes composites \u00e0 base de fibres de carbone conservent des performances structurelles stables dans les environnements \u00e0 haute pression en haute mer, ce qui les rend id\u00e9aux pour les submersibles et les \u00e9quipements d'exploration des oc\u00e9ans.\n<\/div>\n<\/div><\/div><div class=\"bde-columns-655-143 bde-columns\"><div class=\"bde-column-655-144 bde-column\">\n  \n\t\n\n\n\n<div class=\"bde-text-655-145 bde-text\">\n04\n<\/div><h3 class=\"bde-heading-655-146 bde-heading\">\nR\u00e9sistance aux intemp\u00e9ries\n<\/h3><div class=\"bde-text-655-147 bde-text\">\nLes composites en fibre de carbone peuvent r\u00e9sister \u00e0 des conditions climatiques marines extr\u00eames, notamment \u00e0 une forte humidit\u00e9, \u00e0 des vents violents et \u00e0 des temp\u00e9ratures \u00e9lev\u00e9es, ce qui garantit un fonctionnement stable \u00e0 long terme.\n<\/div>\n<\/div><div class=\"bde-column-655-148 bde-column\">\n  \n\t\n\n\n\n<div class=\"bde-text-655-149 bde-text\">\n05\n<\/div><h3 class=\"bde-heading-655-150 bde-heading\">\nAm\u00e9lioration de l'efficacit\u00e9 \u00e9nerg\u00e9tique\n<\/h3><div class=\"bde-text-655-151 bde-text\">\nEn raison de leur l\u00e9g\u00e8ret\u00e9, la consommation de carburant des navires et des plateformes offshore est r\u00e9duite, ce qui am\u00e9liore l'efficacit\u00e9 \u00e9conomique.\n<\/div>\n<\/div><div class=\"bde-column-655-152 bde-column\">\n  \n\t\n\n\n\n<div class=\"bde-text-655-153 bde-text\">\n06\n<\/div><h3 class=\"bde-heading-655-154 bde-heading\">\nFlexibilit\u00e9 de la conception\n<\/h3><div class=\"bde-text-655-155 bde-text\">\nLes composites \u00e0 base de fibres de carbone peuvent \u00eatre con\u00e7us dans diff\u00e9rentes formes et structures selon les besoins, ce qui permet la fabrication efficace d'\u00e9quipements marins complexes et personnalis\u00e9s.\n<\/div>\n<\/div><\/div><\/div>\n<\/section><section class=\"bde-section-655-160 bde-section\">\n              \n  \n\t\n\n  <div class=\"section-background-overlay\"><\/div>\n\n\n<div class=\"section-container\"><h1 class=\"bde-heading-655-161 bde-heading\" data-entrance=\"slideUp\">\nInnover pour l'avenir<br>Fa\u00e7onner l'excellence\n<\/h1><div class=\"bde-fancy-divider-655-162 bde-fancy-divider\" data-entrance=\"flipRight\">\n\n\n<div class=\"bde-fancy-divider__wrapper\">\n  <div class=\"bde-fancy-divider__separator\">\n  \t  <\/div>\n<\/div>\n\n<\/div><div class=\"bde-columns-655-163 bde-columns\"><div class=\"bde-column-655-164 bde-column\">\n  \n\t\n\n\n\n<h3 class=\"bde-heading-655-165 bde-heading\">\n Solutions pour la fibre de carbone\n<\/h3><div class=\"bde-text-655-166 bde-text\">\nChez ZC FIBERTECH, nous sommes sp\u00e9cialis\u00e9s dans la fourniture de solutions performantes en mati\u00e8re de fibres de carbone et de mat\u00e9riaux composites. Qu'il s'agisse de produits standard ou de services personnalis\u00e9s, notre \u00e9quipe d'experts \u00e9laborera les mat\u00e9riaux et les technologies les mieux adapt\u00e9s \u00e0 vos besoins, en garantissant une qualit\u00e9 et une fiabilit\u00e9 exceptionnelles. <br><br>Contactez-nous d\u00e8s aujourd'hui et embarquez ensemble pour un voyage d'innovation !\n<\/div><div class=\"bde-button-655-167 bde-button\">\n    \n                                    \n    \n    \n    \n    \n            \n                    \n            \n                           \n                       \n                 \n\n    \n    \n                    \n    \n    <a class=\"breakdance-link button-atom button-atom--custom bde-button__button\" href=\"#\" target=\"_self\" data-type=\"action\"  data-action='{\"type\":\"popup\",\"popupOptions\":{\"popupId\":\"400\",\"popupAction\":\"open\"}}' >\n\n    \n        <span class=\"button-atom__text\">Obtenir un devis<\/span>\n\n        \n        \n                <\/a>\n\n    \n\n\n<\/div>\n<\/div><div class=\"bde-column-655-168 bde-column\">\n              \n  \n\t\n\n  <div class=\"section-background-overlay\"><\/div>\n\n\n\n<\/div><\/div><\/div>\n<\/section>","protected":false},"excerpt":{"rendered":"<p>Marine Carbon Fiber Composites in the Marine Industry Carbon fiber composites, with their lightweight, high-strength, and corrosion-resistant properties, are increasingly used in the marine industry. They are widely applied in shipbuilding, offshore platforms, submersibles, underwater robots, and offshore wind power generation, significantly enhancing the durability, efficiency, and safety of equipment. Carbon fiber composites not only [&hellip;]<\/p>","protected":false},"author":1,"featured_media":0,"parent":419,"menu_order":0,"comment_status":"closed","ping_status":"closed","template":"","meta":{"_breakdance_hide_in_design_set":false,"_breakdance_tags":"","footnotes":""},"class_list":["post-655","page","type-page","status-publish","hentry"],"_links":{"self":[{"href":"https:\/\/zcfibertech.com\/fr\/wp-json\/wp\/v2\/pages\/655","targetHints":{"allow":["GET"]}}],"collection":[{"href":"https:\/\/zcfibertech.com\/fr\/wp-json\/wp\/v2\/pages"}],"about":[{"href":"https:\/\/zcfibertech.com\/fr\/wp-json\/wp\/v2\/types\/page"}],"author":[{"embeddable":true,"href":"https:\/\/zcfibertech.com\/fr\/wp-json\/wp\/v2\/users\/1"}],"replies":[{"embeddable":true,"href":"https:\/\/zcfibertech.com\/fr\/wp-json\/wp\/v2\/comments?post=655"}],"version-history":[{"count":23,"href":"https:\/\/zcfibertech.com\/fr\/wp-json\/wp\/v2\/pages\/655\/revisions"}],"predecessor-version":[{"id":1043,"href":"https:\/\/zcfibertech.com\/fr\/wp-json\/wp\/v2\/pages\/655\/revisions\/1043"}],"up":[{"embeddable":true,"href":"https:\/\/zcfibertech.com\/fr\/wp-json\/wp\/v2\/pages\/419"}],"wp:attachment":[{"href":"https:\/\/zcfibertech.com\/fr\/wp-json\/wp\/v2\/media?parent=655"}],"curies":[{"name":"wp","href":"https:\/\/api.w.org\/{rel}","templated":true}]}}