{"id":488,"date":"2025-02-19T02:39:53","date_gmt":"2025-02-19T02:39:53","guid":{"rendered":"https:\/\/zcfibertech.com\/?page_id=488"},"modified":"2025-03-04T15:15:54","modified_gmt":"2025-03-04T15:15:54","slug":"automotive","status":"publish","type":"page","link":"https:\/\/zcfibertech.com\/fr\/markets\/automotive\/","title":{"rendered":"Automobile"},"content":{"rendered":"<section class=\"bde-section-488-112 bde-section\">\n              \n  \n\t    \n      <div class=\"section-background-video\">\n              <video\n          autoplay\n muted\n loop\n>\n        <source src=\"https:\/\/zcfibertech.com\/wp-content\/uploads\/2025\/02\/256064_small.mp4\" type=\"video\/mp4\" \/>\n      <\/video>\n      <\/div>\n\n\n  <div class=\"section-background-overlay\"><\/div>\n\n\n<div class=\"section-container\"><h1 class=\"bde-heading-488-113 bde-heading\" data-entrance=\"slideLeft\">\nAutomobile\n<\/h1><div class=\"bde-fancy-divider-488-284 bde-fancy-divider\" data-entrance=\"slideLeft\">\n\n\n<div class=\"bde-fancy-divider__wrapper\">\n  <div class=\"bde-fancy-divider__separator\">\n  \t  <\/div>\n<\/div>\n\n<\/div><\/div>\n<\/section><section class=\"bde-section-488-139 bde-section\">\n              \n  \n\t    \n      <div class=\"section-background-video\">\n          <\/div>\n\n\n\n\n<div class=\"section-container\"><div class=\"bde-columns-488-140 bde-columns\"><div class=\"bde-column-488-141 bde-column\">\n  \n\t\n\n\n\n<h1 class=\"bde-heading-488-143 bde-heading\">\nIntroduction \u00e0 la fibre de carbone dans l'ing\u00e9nierie automobile\n<\/h1><div class=\"bde-text-488-145 bde-text\">\nLa fibre de carbone est un mat\u00e9riau composite connu pour ses propri\u00e9t\u00e9s remarquables, notamment sa r\u00e9sistance exceptionnelle, sa rigidit\u00e9 et son poids particuli\u00e8rement faible. Compos\u00e9e de nombreux brins d'atomes de carbone li\u00e9s entre eux dans une structure cristalline, la fibre de carbone pr\u00e9sente un rapport r\u00e9sistance\/poids \u00e9lev\u00e9 qui surpasse de mani\u00e8re significative de nombreux mat\u00e9riaux traditionnels, tels que l'acier et l'aluminium.\n<\/div><div class=\"bde-text-488-146 bde-text\">\n Cette combinaison unique de caract\u00e9ristiques de l\u00e9g\u00e8ret\u00e9 et d'int\u00e9grit\u00e9 structurelle robuste fait de la fibre de carbone un mat\u00e9riau transformateur dans l'industrie automobile. Alors que les constructeurs s'efforcent d'am\u00e9liorer les performances des v\u00e9hicules tout en respectant des normes strictes en mati\u00e8re d'efficacit\u00e9 \u00e9nerg\u00e9tique, l'adoption de la fibre de carbone a pris de l'ampleur, conduisant \u00e0 des innovations r\u00e9volutionnaires dans le domaine de la conception automobile.\n<\/div><div class=\"bde-text-488-151 bde-text\">\nL'une des applications les plus importantes de la fibre de carbone dans les v\u00e9hicules modernes r\u00e9side dans sa capacit\u00e9 \u00e0 r\u00e9duire le poids total. La r\u00e9duction de la masse se traduisant directement par une am\u00e9lioration du rendement \u00e9nerg\u00e9tique et de la maniabilit\u00e9, les composants en fibre de carbone sont de plus en plus recherch\u00e9s. Ce mat\u00e9riau composite offre \u00e9galement une meilleure r\u00e9sistance aux chocs et une plus grande stabilit\u00e9, ce qui permet de concevoir des v\u00e9hicules plus s\u00fbrs et plus durables. En int\u00e9grant la fibre de carbone dans les panneaux de carrosserie, les ch\u00e2ssis et m\u00eame les composants internes, les constructeurs automobiles ouvrent la voie \u00e0 des conceptions a\u00e9rodynamiques qui optimisent la dynamique de conduite sans sacrifier les caract\u00e9ristiques de s\u00e9curit\u00e9.\n<\/div>\n<\/div><div class=\"bde-column-488-142 bde-column\">\n  \n\t\n\n\n\n<div class=\"bde-icon-488-154 bde-icon\">\n\n    \n            <div class=\"bde-icon-icon breakdance-icon-atom\" >\n    \n                    <svg xmlns=\"http:\/\/www.w3.org\/2000\/svg\" id=\"_\u56fe\u5c42_1\" data-name=\"\u56fe\u5c42 1\" viewbox=\"0 0 39.69 39.69\">\r\n  <defs>\r\n    <style>\r\n      .cls-1 {\r\n        fill: #fff;\r\n      }\r\n    <\/style>\r\n  <\/defs>\r\n  <path class=\"cls-1\" d=\"M23.99,5.7L5.6,33.98h27.75c.29,0,.52-.23,.52-.52v-10.73h-5.65v5.4h-12.04L26.94,11.5h1.25v6.49h5.89V6.23c0-.29-.24-.53-.53-.53h-9.56Z\"\/>\r\n  <path class=\"cls-1\" d=\"M6.13,5.7H22.19l-3.95,6.04h-6.44v9.84l-6.19,9.19V6.23c0-.29,.24-.53,.53-.53Z\"\/>\r\n<\/svg>\n        \n        \n        \n            <\/div>\n    \n\n\n<\/div><div class=\"bde-text-488-150 bde-text\">\nZC Fibertech joue un r\u00f4le essentiel dans l'avancement des applications de la fibre de carbone dans le secteur automobile. <br><br>En tant qu'innovateur de premier plan dans ce domaine, ZC Fibertech s'engage \u00e0 d\u00e9velopper des solutions de pointe adapt\u00e9es aux demandes en constante \u00e9volution des constructeurs automobiles. <br><br>Leur expertise en mati\u00e8re de production de fibres de carbone a permis aux concepteurs automobiles d'exp\u00e9rimenter de nouvelles formes et structures qui \u00e9taient auparavant jug\u00e9es irr\u00e9alisables avec des mat\u00e9riaux conventionnels. <br><br>Par cons\u00e9quent, l'investissement continu dans la recherche et le d\u00e9veloppement chez ZC Fibertech signifie un avenir prometteur pour la fibre de carbone dans l'industrie automobile, ouvrant la voie \u00e0 une am\u00e9lioration des performances, de l'efficacit\u00e9 et de la durabilit\u00e9.\n<\/div>\n<\/div><\/div><\/div>\n<\/section><section class=\"bde-section-488-190 bde-section\">\n              \n  \n\t\n\n  <div class=\"section-background-overlay\"><\/div>\n\n\n<div class=\"section-container\"><h1 class=\"bde-heading-488-282 bde-heading\">\nCAS\n<\/h1><div class=\"bde-fancy-divider-488-283 bde-fancy-divider\" data-entrance=\"flipRight\">\n\n\n<div class=\"bde-fancy-divider__wrapper\">\n  <div class=\"bde-fancy-divider__separator\">\n  \t  <\/div>\n<\/div>\n\n<\/div><div class=\"bde-shortcodewrapper-488-281 bde-shortcodewrapper\">\n<div><div id=\"image-map-pro-30433232-db45-471a-9567-59bddfff4b49\"><\/div><\/div> \n<\/div><div class=\"bde-shortcodewrapper-488-294 bde-shortcodewrapper\">\n<div><div id=\"image-map-pro-082e3a6d-74d7-4674-8901-8972747d2060\"><\/div><\/div> \n<\/div><\/div>\n<\/section><section class=\"bde-section-488-114 bde-section\">\n  \n\t\n\n\n\n<div class=\"section-container\"><div class=\"bde-image-488-115 bde-image\">\n<figure class=\"breakdance-image breakdance-image--490\">\n\t<div class=\"breakdance-image-container\">\n\t\t<div class=\"breakdance-image-clip\"><img loading=\"lazy\" decoding=\"async\" class=\"breakdance-image-object\" src=\"https:\/\/zcfibertech.com\/wp-content\/uploads\/2025\/02\/smith988277_A_futuristic_high-performance_sports_car_with_a_sle_d3091a9b-4184-470a-b149-521518d4fd56.png\" width=\"1536\" height=\"768\" srcset=\"https:\/\/zcfibertech.com\/wp-content\/uploads\/2025\/02\/smith988277_A_futuristic_high-performance_sports_car_with_a_sle_d3091a9b-4184-470a-b149-521518d4fd56.png 1536w, https:\/\/zcfibertech.com\/wp-content\/uploads\/2025\/02\/smith988277_A_futuristic_high-performance_sports_car_with_a_sle_d3091a9b-4184-470a-b149-521518d4fd56-300x150.png 300w, https:\/\/zcfibertech.com\/wp-content\/uploads\/2025\/02\/smith988277_A_futuristic_high-performance_sports_car_with_a_sle_d3091a9b-4184-470a-b149-521518d4fd56-1024x512.png 1024w, https:\/\/zcfibertech.com\/wp-content\/uploads\/2025\/02\/smith988277_A_futuristic_high-performance_sports_car_with_a_sle_d3091a9b-4184-470a-b149-521518d4fd56-768x384.png 768w\" sizes=\"auto, (max-width: 1536px) 100vw, 1536px\"><\/div>\n\t<\/div><\/figure>\n\n<\/div><h2 class=\"bde-heading-488-159 bde-heading\">\nPrincipaux avantages de la fibre de carbone \n<\/h2><h1 class=\"bde-heading-488-117 bde-heading\">\nFabrication automobile\n<\/h1><div class=\"bde-text-488-160 bde-text\">\nLa fibre de carbone s'est impos\u00e9e comme un mat\u00e9riau transformateur dans la construction automobile, en raison de ses nombreux avantages qui r\u00e9pondent aux exigences technologiques modernes et aux attentes des consommateurs. \n<\/div><div class=\"bde-columns-488-118 bde-columns\"><div class=\"bde-column-488-119 bde-column\">\n  \n\t\n\n\n\n<div class=\"bde-text-488-120 bde-text\">\n01\n<\/div><h3 class=\"bde-heading-488-121 bde-heading\">\nConception l\u00e9g\u00e8re\n<\/h3><div class=\"bde-text-488-122 bde-text\">\nLa faible densit\u00e9 de la fibre de carbone r\u00e9duit consid\u00e9rablement le poids des pi\u00e8ces automobiles, ce qui am\u00e9liore l'efficacit\u00e9 \u00e9nerg\u00e9tique et prolonge la dur\u00e9e de vie des batteries des v\u00e9hicules \u00e9lectriques.\n<\/div>\n<\/div><div class=\"bde-column-488-124 bde-column\">\n  \n\t\n\n\n\n<div class=\"bde-text-488-125 bde-text\">\n02\n<\/div><h3 class=\"bde-heading-488-126 bde-heading\">\nRapport r\u00e9sistance\/poids \u00e9lev\u00e9\n<\/h3><div class=\"bde-text-488-127 bde-text\">\nLa fibre de carbone offre une r\u00e9sistance sup\u00e9rieure \u00e0 son poids, ce qui am\u00e9liore la s\u00e9curit\u00e9 et les performances des v\u00e9hicules sans compromettre l'int\u00e9grit\u00e9 structurelle.\n<\/div>\n<\/div><div class=\"bde-column-488-129 bde-column\">\n  \n\t\n\n\n\n<div class=\"bde-text-488-130 bde-text\">\n03\n<\/div><h3 class=\"bde-heading-488-131 bde-heading\">\nR\u00e9sistance \u00e0 la corrosion\n<\/h3><div class=\"bde-text-488-132 bde-text\">\nContrairement aux m\u00e9taux, la fibre de carbone est tr\u00e8s r\u00e9sistante \u00e0 la corrosion, ce qui garantit la long\u00e9vit\u00e9 et la durabilit\u00e9 des pi\u00e8ces automobiles dans diverses conditions m\u00e9t\u00e9orologiques.\n<\/div>\n<\/div><div class=\"bde-column-488-134 bde-column\">\n  \n\t\n\n\n\n<div class=\"bde-text-488-135 bde-text\">\n04\n<\/div><h3 class=\"bde-heading-488-136 bde-heading\">\nDurabilit\u00e9\n<\/h3><div class=\"bde-text-488-137 bde-text\">\nAlors que la demande de v\u00e9hicules plus respectueux de l'environnement augmente, la fibre de carbone favorise le passage \u00e0 des solutions plus \u00e9cologiques, r\u00e9duisant ainsi l'impact environnemental global de la fabrication des v\u00e9hicules.\n<\/div>\n<\/div><\/div><\/div>\n<\/section><section class=\"bde-section-488-285 bde-section\">\n              \n  \n\t\n\n  <div class=\"section-background-overlay\"><\/div>\n\n\n<div class=\"section-container\"><h1 class=\"bde-heading-488-286 bde-heading\" data-entrance=\"slideUp\">\nInnover pour l'avenir<br>Fa\u00e7onner l'excellence\n<\/h1><div class=\"bde-fancy-divider-488-287 bde-fancy-divider\" data-entrance=\"flipRight\">\n\n\n<div class=\"bde-fancy-divider__wrapper\">\n  <div class=\"bde-fancy-divider__separator\">\n  \t  <\/div>\n<\/div>\n\n<\/div><div class=\"bde-columns-488-288 bde-columns\"><div class=\"bde-column-488-289 bde-column\">\n  \n\t\n\n\n\n<h3 class=\"bde-heading-488-290 bde-heading\">\n Solutions pour la fibre de carbone\n<\/h3><div class=\"bde-text-488-291 bde-text\">\nChez ZC FIBERTECH, nous sommes sp\u00e9cialis\u00e9s dans la fourniture de solutions performantes en mati\u00e8re de fibres de carbone et de mat\u00e9riaux composites. Qu'il s'agisse de produits standard ou de services personnalis\u00e9s, notre \u00e9quipe d'experts \u00e9laborera les mat\u00e9riaux et les technologies les mieux adapt\u00e9s \u00e0 vos besoins, en garantissant une qualit\u00e9 et une fiabilit\u00e9 exceptionnelles. <br><br>Contactez-nous d\u00e8s aujourd'hui et embarquez ensemble pour un voyage d'innovation !\n<\/div><div class=\"bde-button-488-292 bde-button\">\n    \n                                    \n    \n    \n    \n    \n            \n                    \n            \n                           \n                       \n                 \n\n    \n    \n                    \n    \n    <a class=\"breakdance-link button-atom button-atom--custom bde-button__button\" href=\"#\" target=\"_self\" data-type=\"action\"  data-action='{\"type\":\"popup\",\"popupOptions\":{\"popupId\":\"400\",\"popupAction\":\"open\"}}' >\n\n    \n        <span class=\"button-atom__text\">Obtenir un devis<\/span>\n\n        \n        \n                <\/a>\n\n    \n\n\n<\/div>\n<\/div><div class=\"bde-column-488-293 bde-column\">\n              \n  \n\t\n\n  <div class=\"section-background-overlay\"><\/div>\n\n\n\n<\/div><\/div><\/div>\n<\/section>","protected":false},"excerpt":{"rendered":"<p>Automotive Introduction to Carbon Fiber in Automotive Engineering Carbon fiber is a composite material known for its remarkable properties, including exceptional strength, rigidity, and a notably low weight. Comprising numerous strands of carbon atoms bonded together in a crystalline structure, carbon fiber exhibits a high strength-to-weight ratio that significantly outperforms many traditional materials, such as [&hellip;]<\/p>","protected":false},"author":1,"featured_media":0,"parent":419,"menu_order":0,"comment_status":"closed","ping_status":"closed","template":"","meta":{"_breakdance_hide_in_design_set":false,"_breakdance_tags":"","footnotes":""},"class_list":["post-488","page","type-page","status-publish","hentry"],"_links":{"self":[{"href":"https:\/\/zcfibertech.com\/fr\/wp-json\/wp\/v2\/pages\/488","targetHints":{"allow":["GET"]}}],"collection":[{"href":"https:\/\/zcfibertech.com\/fr\/wp-json\/wp\/v2\/pages"}],"about":[{"href":"https:\/\/zcfibertech.com\/fr\/wp-json\/wp\/v2\/types\/page"}],"author":[{"embeddable":true,"href":"https:\/\/zcfibertech.com\/fr\/wp-json\/wp\/v2\/users\/1"}],"replies":[{"embeddable":true,"href":"https:\/\/zcfibertech.com\/fr\/wp-json\/wp\/v2\/comments?post=488"}],"version-history":[{"count":55,"href":"https:\/\/zcfibertech.com\/fr\/wp-json\/wp\/v2\/pages\/488\/revisions"}],"predecessor-version":[{"id":1056,"href":"https:\/\/zcfibertech.com\/fr\/wp-json\/wp\/v2\/pages\/488\/revisions\/1056"}],"up":[{"embeddable":true,"href":"https:\/\/zcfibertech.com\/fr\/wp-json\/wp\/v2\/pages\/419"}],"wp:attachment":[{"href":"https:\/\/zcfibertech.com\/fr\/wp-json\/wp\/v2\/media?parent=488"}],"curies":[{"name":"wp","href":"https:\/\/api.w.org\/{rel}","templated":true}]}}