{"id":419,"date":"2025-02-18T07:42:11","date_gmt":"2025-02-18T07:42:11","guid":{"rendered":"https:\/\/zcfibertech.com\/?page_id=419"},"modified":"2025-03-04T06:44:38","modified_gmt":"2025-03-04T06:44:38","slug":"markets","status":"publish","type":"page","link":"https:\/\/zcfibertech.com\/fr\/markets\/","title":{"rendered":"March\u00e9s"},"content":{"rendered":"<section class=\"bde-section-419-100 bde-section\">\n              \n  \n\t    \n      <div class=\"section-background-video\">\n              <video\n          autoplay\n muted\n loop\n>\n        <source src=\"https:\/\/zcfibertech.com\/wp-content\/uploads\/2025\/02\/203404-921381913_small.mp4\" type=\"video\/mp4\" \/>\n      <\/video>\n      <\/div>\n\n\n  <div class=\"section-background-overlay\"><\/div>\n\n\n<div class=\"section-container\"><div class=\"bde-columns-419-192 bde-columns\"><div class=\"bde-column-419-193 bde-column\">\n  \n\t\n\n\n\n<h1 class=\"bde-heading-419-190 bde-heading\">\nMarch\u00e9s\n<\/h1><div class=\"bde-text-419-191 bde-text\">\nLa fibre de carbone et les mat\u00e9riaux composites deviennent rapidement des \u00e9l\u00e9ments moteurs dans de nombreuses industries. Ils sont largement utilis\u00e9s dans l'a\u00e9rospatiale, l'automobile, les \u00e9quipements sportifs, la construction, etc. <br><br>Gr\u00e2ce aux progr\u00e8s technologiques constants, ces mat\u00e9riaux de haute performance offrent non seulement une r\u00e9sistance exceptionnelle et des avantages en termes de l\u00e9g\u00e8ret\u00e9, mais poussent \u00e9galement les industries vers une plus grande efficacit\u00e9 et une plus grande durabilit\u00e9. Dans le domaine du recyclage des fibres de carbone en particulier, la prise de conscience croissante de la protection de l'environnement et l'essor de l'\u00e9conomie circulaire lib\u00e8rent un vaste potentiel de march\u00e9, pr\u00e9sentant de nouvelles opportunit\u00e9s et de nouveaux d\u00e9fis pour l'industrie. <br><br>Nous nous engageons \u00e0 faire progresser l'innovation et la durabilit\u00e9 dans le domaine de la fibre de carbone et des mat\u00e9riaux composites, en aidant nos clients \u00e0 saisir les opportunit\u00e9s de ce march\u00e9 prometteur.\n<\/div>\n<\/div><div class=\"bde-column-419-194 bde-column\">\n  \n\t\n\n\n\n\n<\/div><\/div><\/div>\n<\/section><section class=\"bde-section-419-104 bde-section\">\n  \n\t\n\n\n\n<div class=\"section-container\"><div class=\"bde-columns-419-115 bde-columns\"><div class=\"bde-column-419-116 bde-column\">\n  \n\t\n\n\n\n<div class=\"bde-image-hover-card-419-160 bde-image-hover-card\">\n           \n            \n            \n\n    \n    \n    \n    \n    <a class=\"breakdance-link\" href=\"https:\/\/zcfibertech.com\/fr\/markets\/automotive\/\" target=\"_self\" data-type=\"url\"  >\n\n<figure class=\"ee-imagehover c4-izmir c4-border-bottom c4-image-pan-down\">\n    <img loading=\"lazy\" decoding=\"async\" class=\"breakdance-image-object\" src=\"https:\/\/zcfibertech.com\/wp-content\/uploads\/2025\/02\/smith988277_A_high-tech_automotive_scene_featuring_carbon_fiber_7ae344be-a56d-409b-b460-16e63506fe7b-300x168.png\" width=\"300\" height=\"168\" srcset=\"https:\/\/zcfibertech.com\/wp-content\/uploads\/2025\/02\/smith988277_A_high-tech_automotive_scene_featuring_carbon_fiber_7ae344be-a56d-409b-b460-16e63506fe7b.png 1456w, https:\/\/zcfibertech.com\/wp-content\/uploads\/2025\/02\/smith988277_A_high-tech_automotive_scene_featuring_carbon_fiber_7ae344be-a56d-409b-b460-16e63506fe7b-300x168.png 300w, https:\/\/zcfibertech.com\/wp-content\/uploads\/2025\/02\/smith988277_A_high-tech_automotive_scene_featuring_carbon_fiber_7ae344be-a56d-409b-b460-16e63506fe7b-1024x574.png 1024w, https:\/\/zcfibertech.com\/wp-content\/uploads\/2025\/02\/smith988277_A_high-tech_automotive_scene_featuring_carbon_fiber_7ae344be-a56d-409b-b460-16e63506fe7b-768x430.png 768w\" sizes=\"auto, (max-width: 1456px) 100vw, 1456px\">\n  <figcaption class=\"c4-layout-center-right\">\n                <div class=\"c4-reveal-right c4-delay-200\">\n              <h4>Conduire le<\/h4>\n      <\/div>\n                <div class=\"c4-reveal-right c4-delay-400\">\n              <h4>L'avenir<\/h4>\n      <\/div>\n      <\/figcaption>\n<\/figure>\n      <\/a>\n\n<\/div><h1 class=\"bde-heading-419-162 bde-heading\">\nAutomobile\n<\/h1>\n<\/div><div class=\"bde-column-419-164 bde-column\">\n  \n\t\n\n\n\n<div class=\"bde-image-hover-card-419-165 bde-image-hover-card\">\n           \n            \n            \n\n    \n    \n    \n    \n    <a class=\"breakdance-link\" href=\"https:\/\/zcfibertech.com\/fr\/markets\/aerospace\/\" target=\"_self\" data-type=\"url\"  >\n\n<figure class=\"ee-imagehover c4-izmir c4-border-bottom c4-image-pan-down\">\n    <img loading=\"lazy\" decoding=\"async\" class=\"breakdance-image-object\" src=\"https:\/\/zcfibertech.com\/wp-content\/uploads\/2025\/02\/aerospace_scene-300x168.png\" width=\"300\" height=\"168\" srcset=\"https:\/\/zcfibertech.com\/wp-content\/uploads\/2025\/02\/aerospace_scene.png 1456w, https:\/\/zcfibertech.com\/wp-content\/uploads\/2025\/02\/aerospace_scene-300x168.png 300w, https:\/\/zcfibertech.com\/wp-content\/uploads\/2025\/02\/aerospace_scene-1024x574.png 1024w, https:\/\/zcfibertech.com\/wp-content\/uploads\/2025\/02\/aerospace_scene-768x430.png 768w\" sizes=\"auto, (max-width: 1456px) 100vw, 1456px\">\n  <figcaption class=\"c4-layout-center-right\">\n                <div class=\"c4-reveal-right c4-delay-200\">\n              <h4>S'envoler <\/h4>\n      <\/div>\n                <div class=\"c4-reveal-right c4-delay-400\">\n              <h4>Plus loin<\/h4>\n      <\/div>\n      <\/figcaption>\n<\/figure>\n      <\/a>\n\n<\/div><h1 class=\"bde-heading-419-166 bde-heading\">\nA\u00e9rospatiale\n<\/h1>\n<\/div><div class=\"bde-column-419-167 bde-column\">\n  \n\t\n\n\n\n<div class=\"bde-image-hover-card-419-168 bde-image-hover-card\">\n           \n            \n            \n\n    \n    \n    \n    \n    <a class=\"breakdance-link\" href=\"https:\/\/zcfibertech.com\/fr\/markets\/rail-traffic\/\" target=\"_self\" data-type=\"url\"  >\n\n<figure class=\"ee-imagehover c4-izmir c4-border-bottom c4-image-pan-down\">\n    <img loading=\"lazy\" decoding=\"async\" class=\"breakdance-image-object\" src=\"https:\/\/zcfibertech.com\/wp-content\/uploads\/2025\/02\/smith988277_Close-up_shot_of_a_high-speed_train_speeding_on_a_m_19f52733-dff9-4878-9f62-5e393423bc85-300x168.png\" width=\"300\" height=\"168\" srcset=\"https:\/\/zcfibertech.com\/wp-content\/uploads\/2025\/02\/smith988277_Close-up_shot_of_a_high-speed_train_speeding_on_a_m_19f52733-dff9-4878-9f62-5e393423bc85.png 1456w, https:\/\/zcfibertech.com\/wp-content\/uploads\/2025\/02\/smith988277_Close-up_shot_of_a_high-speed_train_speeding_on_a_m_19f52733-dff9-4878-9f62-5e393423bc85-300x168.png 300w, https:\/\/zcfibertech.com\/wp-content\/uploads\/2025\/02\/smith988277_Close-up_shot_of_a_high-speed_train_speeding_on_a_m_19f52733-dff9-4878-9f62-5e393423bc85-1024x574.png 1024w, https:\/\/zcfibertech.com\/wp-content\/uploads\/2025\/02\/smith988277_Close-up_shot_of_a_high-speed_train_speeding_on_a_m_19f52733-dff9-4878-9f62-5e393423bc85-768x430.png 768w\" sizes=\"auto, (max-width: 1456px) 100vw, 1456px\">\n  <figcaption class=\"c4-layout-center-right\">\n                <div class=\"c4-reveal-right c4-delay-200\">\n              <h4>L\u00e9g\u00e8ret\u00e9 et solidit\u00e9<\/h4>\n      <\/div>\n                <div class=\"c4-reveal-right c4-delay-400\">\n              <h4>Am\u00e9lioration de la durabilit\u00e9<\/h4>\n      <\/div>\n      <\/figcaption>\n<\/figure>\n      <\/a>\n\n<\/div><h1 class=\"bde-heading-419-169 bde-heading\">\nTrafic ferroviaire\n<\/h1>\n<\/div><\/div><div class=\"bde-columns-419-170 bde-columns\"><div class=\"bde-column-419-171 bde-column\">\n  \n\t\n\n\n\n<div class=\"bde-image-hover-card-419-172 bde-image-hover-card\">\n           \n            \n            \n\n    \n    \n    \n    \n    <a class=\"breakdance-link\" href=\"https:\/\/zcfibertech.com\/fr\/markets\/medical-accessories\/\" target=\"_self\" data-type=\"url\"  >\n\n<figure class=\"ee-imagehover c4-izmir c4-border-bottom c4-image-pan-down\">\n    <img loading=\"lazy\" decoding=\"async\" class=\"breakdance-image-object\" src=\"https:\/\/zcfibertech.com\/wp-content\/uploads\/2025\/02\/CT_MRI_scanning_bed-300x168.png\" width=\"300\" height=\"168\" srcset=\"https:\/\/zcfibertech.com\/wp-content\/uploads\/2025\/02\/CT_MRI_scanning_bed.png 1456w, https:\/\/zcfibertech.com\/wp-content\/uploads\/2025\/02\/CT_MRI_scanning_bed-300x168.png 300w, https:\/\/zcfibertech.com\/wp-content\/uploads\/2025\/02\/CT_MRI_scanning_bed-1024x574.png 1024w, https:\/\/zcfibertech.com\/wp-content\/uploads\/2025\/02\/CT_MRI_scanning_bed-768x430.png 768w\" sizes=\"auto, (max-width: 1456px) 100vw, 1456px\">\n  <figcaption class=\"c4-layout-center-right\">\n                <div class=\"c4-reveal-right c4-delay-200\">\n              <h4>Durable, fiable<\/h4>\n      <\/div>\n                <div class=\"c4-reveal-right c4-delay-400\">\n              <h4>Protection de la sant\u00e9<\/h4>\n      <\/div>\n      <\/figcaption>\n<\/figure>\n      <\/a>\n\n<\/div><h1 class=\"bde-heading-419-173 bde-heading\">\nM\u00e9dical\n<\/h1>\n<\/div><div class=\"bde-column-419-174 bde-column\">\n  \n\t\n\n\n\n<div class=\"bde-image-hover-card-419-175 bde-image-hover-card\">\n           \n            \n            \n\n    \n    \n    \n    \n    <a class=\"breakdance-link\" href=\"https:\/\/zcfibertech.com\/fr\/markets\/sporting-goods\/\" target=\"_self\" data-type=\"url\"  >\n\n<figure class=\"ee-imagehover c4-izmir c4-border-bottom c4-image-pan-down\">\n    <img loading=\"lazy\" decoding=\"async\" class=\"breakdance-image-object\" src=\"https:\/\/zcfibertech.com\/wp-content\/uploads\/2025\/02\/smith988277_A_professional_skier_carving_through_fresh_powder_o_622c68f0-07b9-46b2-bfcc-f70f0218180f-300x168.png\" width=\"300\" height=\"168\" srcset=\"https:\/\/zcfibertech.com\/wp-content\/uploads\/2025\/02\/smith988277_A_professional_skier_carving_through_fresh_powder_o_622c68f0-07b9-46b2-bfcc-f70f0218180f.png 1456w, https:\/\/zcfibertech.com\/wp-content\/uploads\/2025\/02\/smith988277_A_professional_skier_carving_through_fresh_powder_o_622c68f0-07b9-46b2-bfcc-f70f0218180f-300x168.png 300w, https:\/\/zcfibertech.com\/wp-content\/uploads\/2025\/02\/smith988277_A_professional_skier_carving_through_fresh_powder_o_622c68f0-07b9-46b2-bfcc-f70f0218180f-1024x574.png 1024w, https:\/\/zcfibertech.com\/wp-content\/uploads\/2025\/02\/smith988277_A_professional_skier_carving_through_fresh_powder_o_622c68f0-07b9-46b2-bfcc-f70f0218180f-768x430.png 768w\" sizes=\"auto, (max-width: 1456px) 100vw, 1456px\">\n  <figcaption class=\"c4-layout-center-right\">\n                <div class=\"c4-reveal-right c4-delay-200\">\n              <h4>L\u00e9ger et durable<\/h4>\n      <\/div>\n                <div class=\"c4-reveal-right c4-delay-400\">\n              <h4>Performance de pointe<\/h4>\n      <\/div>\n      <\/figcaption>\n<\/figure>\n      <\/a>\n\n<\/div><h1 class=\"bde-heading-419-179 bde-heading\">\nArticles de sport\n<\/h1>\n<\/div><div class=\"bde-column-419-177 bde-column\">\n  \n\t\n\n\n\n<div class=\"bde-image-hover-card-419-178 bde-image-hover-card\">\n           \n            \n            \n\n    \n    \n    \n    \n    <a class=\"breakdance-link\" href=\"https:\/\/zcfibertech.com\/fr\/markets\/marine\/\" target=\"_self\" data-type=\"url\"  >\n\n<figure class=\"ee-imagehover c4-izmir c4-border-bottom c4-image-pan-down\">\n    <img loading=\"lazy\" decoding=\"async\" class=\"breakdance-image-object\" src=\"https:\/\/zcfibertech.com\/wp-content\/uploads\/2025\/02\/smith988277_A_luxurious_yacht_sailing_on_crystal_clear_waters_s_8aee9b51-0587-4a78-a0cd-a176612d950d-300x168.png\" width=\"300\" height=\"168\" srcset=\"https:\/\/zcfibertech.com\/wp-content\/uploads\/2025\/02\/smith988277_A_luxurious_yacht_sailing_on_crystal_clear_waters_s_8aee9b51-0587-4a78-a0cd-a176612d950d.png 1456w, https:\/\/zcfibertech.com\/wp-content\/uploads\/2025\/02\/smith988277_A_luxurious_yacht_sailing_on_crystal_clear_waters_s_8aee9b51-0587-4a78-a0cd-a176612d950d-300x168.png 300w, https:\/\/zcfibertech.com\/wp-content\/uploads\/2025\/02\/smith988277_A_luxurious_yacht_sailing_on_crystal_clear_waters_s_8aee9b51-0587-4a78-a0cd-a176612d950d-1024x574.png 1024w, https:\/\/zcfibertech.com\/wp-content\/uploads\/2025\/02\/smith988277_A_luxurious_yacht_sailing_on_crystal_clear_waters_s_8aee9b51-0587-4a78-a0cd-a176612d950d-768x430.png 768w\" sizes=\"auto, (max-width: 1456px) 100vw, 1456px\">\n  <figcaption class=\"c4-layout-center-right\">\n                <div class=\"c4-reveal-right c4-delay-200\">\n              <h4>L\u00e9ger et solide<\/h4>\n      <\/div>\n                <div class=\"c4-reveal-right c4-delay-400\">\n              <h4>Bon voyage<\/h4>\n      <\/div>\n      <\/figcaption>\n<\/figure>\n      <\/a>\n\n<\/div><h1 class=\"bde-heading-419-176 bde-heading\">\nMarine\n<\/h1>\n<\/div><\/div><\/div>\n<\/section>","protected":false},"excerpt":{"rendered":"<p>Markets Carbon fiber and composite materials are rapidly becoming the core driving forces in multiple industries, widely applied in aerospace, automotive, sports equipment, construction, and more. With continuous technological advancements, these high-performance materials not only offer exceptional strength and lightweight advantages but also drive industries toward greater efficiency and sustainability. Particularly in the field of [&hellip;]<\/p>","protected":false},"author":1,"featured_media":0,"parent":0,"menu_order":0,"comment_status":"closed","ping_status":"closed","template":"","meta":{"_breakdance_hide_in_design_set":false,"_breakdance_tags":"","footnotes":""},"class_list":["post-419","page","type-page","status-publish","hentry"],"_links":{"self":[{"href":"https:\/\/zcfibertech.com\/fr\/wp-json\/wp\/v2\/pages\/419","targetHints":{"allow":["GET"]}}],"collection":[{"href":"https:\/\/zcfibertech.com\/fr\/wp-json\/wp\/v2\/pages"}],"about":[{"href":"https:\/\/zcfibertech.com\/fr\/wp-json\/wp\/v2\/types\/page"}],"author":[{"embeddable":true,"href":"https:\/\/zcfibertech.com\/fr\/wp-json\/wp\/v2\/users\/1"}],"replies":[{"embeddable":true,"href":"https:\/\/zcfibertech.com\/fr\/wp-json\/wp\/v2\/comments?post=419"}],"version-history":[{"count":38,"href":"https:\/\/zcfibertech.com\/fr\/wp-json\/wp\/v2\/pages\/419\/revisions"}],"predecessor-version":[{"id":1028,"href":"https:\/\/zcfibertech.com\/fr\/wp-json\/wp\/v2\/pages\/419\/revisions\/1028"}],"wp:attachment":[{"href":"https:\/\/zcfibertech.com\/fr\/wp-json\/wp\/v2\/media?parent=419"}],"curies":[{"name":"wp","href":"https:\/\/api.w.org\/{rel}","templated":true}]}}